{"id":4584,"date":"2022-05-07T06:39:02","date_gmt":"2022-05-07T11:39:02","guid":{"rendered":"https:\/\/www.lunabilisim.com.tr\/en\/?post_type=product&#038;p=4584"},"modified":"2022-10-08T05:24:58","modified_gmt":"2022-10-08T10:24:58","slug":"endustriyel-yapay-gorme-ve-sabit-tarayici-aksesuarlari-portfoyumuzle-verimliligi-artirin","status":"publish","type":"product","link":"https:\/\/www.lunabilisim.com.tr\/en\/urun\/endustriyel-yapay-gorme-ve-sabit-tarayici-aksesuarlari-portfoyumuzle-verimliligi-artirin\/","title":{"rendered":"End\u00fcstriyel Yapay G\u00f6rme ve Sabit Taray\u0131c\u0131 Aksesuarlar\u0131 Portf\u00f6y\u00fcm\u00fczle Verimlili\u011fi Art\u0131r\u0131n"},"content":{"rendered":"","protected":false},"excerpt":{"rendered":"<p>We offer power supplies, battery packs, capacitors, USB adapters, mounts and holders to suit every industrial machine vision and stationary scanning need. Increase productivity for your workforce with accessories designed to complement and enhance the scanner process.<\/p>\n","protected":false},"featured_media":0,"template":"","meta":{"inline_featured_image":false},"product_cat":[151],"product_tag":[],"class_list":{"0":"post-4584","1":"product","2":"type-product","3":"status-publish","5":"product_cat-industrial-machine-vision-and-fixed-reader-accessories","6":"pa_marka-zebra","8":"first","9":"instock","10":"shipping-taxable","11":"product-type-simple"},"acf":[],"aioseo_notices":[],"_links":{"self":[{"href":"https:\/\/www.lunabilisim.com.tr\/en\/wp-json\/wp\/v2\/product\/4584","targetHints":{"allow":["GET"]}}],"collection":[{"href":"https:\/\/www.lunabilisim.com.tr\/en\/wp-json\/wp\/v2\/product"}],"about":[{"href":"https:\/\/www.lunabilisim.com.tr\/en\/wp-json\/wp\/v2\/types\/product"}],"wp:attachment":[{"href":"https:\/\/www.lunabilisim.com.tr\/en\/wp-json\/wp\/v2\/media?parent=4584"}],"wp:term":[{"taxonomy":"product_cat","embeddable":true,"href":"https:\/\/www.lunabilisim.com.tr\/en\/wp-json\/wp\/v2\/product_cat?post=4584"},{"taxonomy":"product_tag","embeddable":true,"href":"https:\/\/www.lunabilisim.com.tr\/en\/wp-json\/wp\/v2\/product_tag?post=4584"}],"curies":[{"name":"wp","href":"https:\/\/api.w.org\/{rel}","templated":true}]}}