{"id":4583,"date":"2022-05-07T06:38:10","date_gmt":"2022-05-07T11:38:10","guid":{"rendered":"https:\/\/www.lunabilisim.com.tr\/en\/?post_type=product&#038;p=4583"},"modified":"2022-10-08T05:26:37","modified_gmt":"2022-10-08T10:26:37","slug":"etkilesimli-ve-mikro-kiosklarinizi-iyi-calisma-duzeninde-tutmak-icin-dogru-aksesuarlari-saglayin","status":"publish","type":"product","link":"https:\/\/www.lunabilisim.com.tr\/en\/urun\/etkilesimli-ve-mikro-kiosklarinizi-iyi-calisma-duzeninde-tutmak-icin-dogru-aksesuarlari-saglayin\/","title":{"rendered":"Etkile\u015fimli ve Mikro Kiosklar\u0131n\u0131z\u0131 \u0130yi \u00c7al\u0131\u015fma D\u00fczeninde Tutmak \u0130\u00e7in Do\u011fru Aksesuarlar\u0131 Sa\u011flay\u0131n"},"content":{"rendered":"","protected":false},"excerpt":{"rendered":"<p>Interactive and Micro Kiosks help you increase sales and reduce costs. Make sure you have reliable accessories such as magnetic stripe readers, wall or banner mounting kits, and cables to ensure they work reliably.<\/p>\n","protected":false},"featured_media":0,"template":"","meta":{"inline_featured_image":false},"product_cat":[124],"product_tag":[],"class_list":{"0":"post-4583","1":"product","2":"type-product","3":"status-publish","5":"product_cat-interactive-and-micro-kiosks","6":"pa_marka-zebra","8":"first","9":"instock","10":"shipping-taxable","11":"product-type-simple"},"acf":[],"aioseo_notices":[],"_links":{"self":[{"href":"https:\/\/www.lunabilisim.com.tr\/en\/wp-json\/wp\/v2\/product\/4583","targetHints":{"allow":["GET"]}}],"collection":[{"href":"https:\/\/www.lunabilisim.com.tr\/en\/wp-json\/wp\/v2\/product"}],"about":[{"href":"https:\/\/www.lunabilisim.com.tr\/en\/wp-json\/wp\/v2\/types\/product"}],"wp:attachment":[{"href":"https:\/\/www.lunabilisim.com.tr\/en\/wp-json\/wp\/v2\/media?parent=4583"}],"wp:term":[{"taxonomy":"product_cat","embeddable":true,"href":"https:\/\/www.lunabilisim.com.tr\/en\/wp-json\/wp\/v2\/product_cat?post=4583"},{"taxonomy":"product_tag","embeddable":true,"href":"https:\/\/www.lunabilisim.com.tr\/en\/wp-json\/wp\/v2\/product_tag?post=4583"}],"curies":[{"name":"wp","href":"https:\/\/api.w.org\/{rel}","templated":true}]}}