{"id":4578,"date":"2022-05-07T06:33:49","date_gmt":"2022-05-07T11:33:49","guid":{"rendered":"https:\/\/www.lunabilisim.com.tr\/en\/?post_type=product&#038;p=4578"},"modified":"2022-08-12T06:19:15","modified_gmt":"2022-08-12T11:19:15","slug":"cs60-hc-aksesuarlari","status":"publish","type":"product","link":"https:\/\/www.lunabilisim.com.tr\/en\/urun\/cs60-hc-aksesuarlari\/","title":{"rendered":"CS60-HC Aksesuarlar\u0131"},"content":{"rendered":"<p>http:\/\/lunabilisim.com.tr\/Documents\/cs60-guide-accessory-en-us.pdf<\/p>\n","protected":false},"excerpt":{"rendered":"<p>Ultra \u00e7ok y\u00f6nl\u00fc CS60-HC Healthcare Serisi Yard\u0131mc\u0131 Taray\u0131c\u0131, sa\u011fl\u0131k hizmetleri i\u00e7in \u00f6zel olarak tasarlanm\u0131\u015ft\u0131r ve herhangi bir klinisyen i\u015f ak\u0131\u015f\u0131na uyum sa\u011flar.<\/p>\n","protected":false},"featured_media":4579,"template":"","meta":{"inline_featured_image":false},"product_cat":[150],"product_tag":[],"class_list":{"0":"post-4578","1":"product","2":"type-product","3":"status-publish","4":"has-post-thumbnail","6":"product_cat-barcode-readers-and-viewers","7":"pa_marka-zebra","9":"first","10":"instock","11":"shipping-taxable","12":"product-type-simple"},"acf":[],"aioseo_notices":[],"_links":{"self":[{"href":"https:\/\/www.lunabilisim.com.tr\/en\/wp-json\/wp\/v2\/product\/4578","targetHints":{"allow":["GET"]}}],"collection":[{"href":"https:\/\/www.lunabilisim.com.tr\/en\/wp-json\/wp\/v2\/product"}],"about":[{"href":"https:\/\/www.lunabilisim.com.tr\/en\/wp-json\/wp\/v2\/types\/product"}],"wp:featuredmedia":[{"embeddable":true,"href":"https:\/\/www.lunabilisim.com.tr\/en\/wp-json\/wp\/v2\/media\/4579"}],"wp:attachment":[{"href":"https:\/\/www.lunabilisim.com.tr\/en\/wp-json\/wp\/v2\/media?parent=4578"}],"wp:term":[{"taxonomy":"product_cat","embeddable":true,"href":"https:\/\/www.lunabilisim.com.tr\/en\/wp-json\/wp\/v2\/product_cat?post=4578"},{"taxonomy":"product_tag","embeddable":true,"href":"https:\/\/www.lunabilisim.com.tr\/en\/wp-json\/wp\/v2\/product_tag?post=4578"}],"curies":[{"name":"wp","href":"https:\/\/api.w.org\/{rel}","templated":true}]}}