{"id":4555,"date":"2022-05-07T06:22:33","date_gmt":"2022-05-07T11:22:33","guid":{"rendered":"https:\/\/www.lunabilisim.com.tr\/en\/?post_type=product&#038;p=4555"},"modified":"2022-10-08T05:24:25","modified_gmt":"2022-10-08T10:24:25","slug":"elektronik-uretim-aksesuarlari-icin-ds4600","status":"publish","type":"product","link":"https:\/\/www.lunabilisim.com.tr\/en\/urun\/elektronik-uretim-aksesuarlari-icin-ds4600\/","title":{"rendered":"Elektronik \u00dcretim Aksesuarlar\u0131 i\u00e7in DS4600"},"content":{"rendered":"<p>http:\/\/lunabilisim.com.tr\/Documents\/ds4608-ds4608hc-guide-accessory-en-us.pdf<\/p>\n","protected":false},"excerpt":{"rendered":"<p>Improve productivity and quality control with the handheld scanner specially designed for electronics and light manufacturing.<\/p>\n","protected":false},"featured_media":4556,"template":"","meta":{"inline_featured_image":false},"product_cat":[150,46],"product_tag":[],"class_list":{"0":"post-4555","1":"product","2":"type-product","3":"status-publish","4":"has-post-thumbnail","6":"product_cat-barcode-readers-and-viewers","7":"product_cat-el-tipi-barkod-okuyucu","8":"pa_marka-zebra","10":"first","11":"instock","12":"shipping-taxable","13":"product-type-simple"},"acf":[],"aioseo_notices":[],"_links":{"self":[{"href":"https:\/\/www.lunabilisim.com.tr\/en\/wp-json\/wp\/v2\/product\/4555","targetHints":{"allow":["GET"]}}],"collection":[{"href":"https:\/\/www.lunabilisim.com.tr\/en\/wp-json\/wp\/v2\/product"}],"about":[{"href":"https:\/\/www.lunabilisim.com.tr\/en\/wp-json\/wp\/v2\/types\/product"}],"wp:featuredmedia":[{"embeddable":true,"href":"https:\/\/www.lunabilisim.com.tr\/en\/wp-json\/wp\/v2\/media\/4556"}],"wp:attachment":[{"href":"https:\/\/www.lunabilisim.com.tr\/en\/wp-json\/wp\/v2\/media?parent=4555"}],"wp:term":[{"taxonomy":"product_cat","embeddable":true,"href":"https:\/\/www.lunabilisim.com.tr\/en\/wp-json\/wp\/v2\/product_cat?post=4555"},{"taxonomy":"product_tag","embeddable":true,"href":"https:\/\/www.lunabilisim.com.tr\/en\/wp-json\/wp\/v2\/product_tag?post=4555"}],"curies":[{"name":"wp","href":"https:\/\/api.w.org\/{rel}","templated":true}]}}