{"id":4529,"date":"2022-05-07T06:07:33","date_gmt":"2022-05-07T11:07:33","guid":{"rendered":"https:\/\/www.lunabilisim.com.tr\/en\/?post_type=product&#038;p=4529"},"modified":"2022-10-08T06:32:25","modified_gmt":"2022-10-08T11:32:25","slug":"ps20-kisisel-alisverisci-2","status":"publish","type":"product","link":"https:\/\/www.lunabilisim.com.tr\/en\/urun\/ps20-kisisel-alisverisci-2\/","title":{"rendered":"PS20 K\u0130\u015e\u0130SEL ALI\u015eVER\u0130\u015e\u00c7\u0130"},"content":{"rendered":"<p>http:\/\/lunabilisim.com.tr\/Documents\/ps20-guide-configuration-and-accessories-en-us.pdf<\/p>\n","protected":false},"excerpt":{"rendered":"<p>Give your customers a great shopping experience in your store with the PS20 Personal Shopper, the device that provides the highest value<\/p>\n","protected":false},"featured_media":4530,"template":"","meta":{"inline_featured_image":false},"product_cat":[149],"product_tag":[],"class_list":{"0":"post-4529","1":"product","2":"type-product","3":"status-publish","4":"has-post-thumbnail","6":"product_cat-mobile-computers-and-tablets","7":"pa_marka-zebra","9":"first","10":"instock","11":"shipping-taxable","12":"product-type-simple"},"acf":[],"aioseo_notices":[],"_links":{"self":[{"href":"https:\/\/www.lunabilisim.com.tr\/en\/wp-json\/wp\/v2\/product\/4529","targetHints":{"allow":["GET"]}}],"collection":[{"href":"https:\/\/www.lunabilisim.com.tr\/en\/wp-json\/wp\/v2\/product"}],"about":[{"href":"https:\/\/www.lunabilisim.com.tr\/en\/wp-json\/wp\/v2\/types\/product"}],"wp:featuredmedia":[{"embeddable":true,"href":"https:\/\/www.lunabilisim.com.tr\/en\/wp-json\/wp\/v2\/media\/4530"}],"wp:attachment":[{"href":"https:\/\/www.lunabilisim.com.tr\/en\/wp-json\/wp\/v2\/media?parent=4529"}],"wp:term":[{"taxonomy":"product_cat","embeddable":true,"href":"https:\/\/www.lunabilisim.com.tr\/en\/wp-json\/wp\/v2\/product_cat?post=4529"},{"taxonomy":"product_tag","embeddable":true,"href":"https:\/\/www.lunabilisim.com.tr\/en\/wp-json\/wp\/v2\/product_tag?post=4529"}],"curies":[{"name":"wp","href":"https:\/\/api.w.org\/{rel}","templated":true}]}}