{"id":4525,"date":"2022-05-07T06:05:43","date_gmt":"2022-05-07T11:05:43","guid":{"rendered":"https:\/\/www.lunabilisim.com.tr\/en\/?post_type=product&#038;p=4525"},"modified":"2022-10-08T05:41:15","modified_gmt":"2022-10-08T10:41:15","slug":"l10-serisi-saglam-tablet","status":"publish","type":"product","link":"https:\/\/www.lunabilisim.com.tr\/en\/urun\/l10-serisi-saglam-tablet\/","title":{"rendered":"L10 SER\u0130S\u0130 SA\u011eLAM TABLET"},"content":{"rendered":"<p>http:\/\/lunabilisim.com.tr\/Documents\/xplore-l10-tablet-platform-guide-accessory-en-us.pdf<\/p>\n","protected":false},"excerpt":{"rendered":"<p>The L10 rugged series offers a variety of tablet configurations and a shared ecosystem of accessories that set the standard in office, vehicle and field-based computing. With the versatile L10, it&#8217;s easy to create the perfect mobility solution for your most critical business applications.<\/p>\n","protected":false},"featured_media":4526,"template":"","meta":{"inline_featured_image":false},"product_cat":[149],"product_tag":[],"class_list":{"0":"post-4525","1":"product","2":"type-product","3":"status-publish","4":"has-post-thumbnail","6":"product_cat-mobile-computers-and-tablets","7":"pa_marka-zebra","9":"first","10":"instock","11":"shipping-taxable","12":"product-type-simple"},"acf":[],"aioseo_notices":[],"_links":{"self":[{"href":"https:\/\/www.lunabilisim.com.tr\/en\/wp-json\/wp\/v2\/product\/4525","targetHints":{"allow":["GET"]}}],"collection":[{"href":"https:\/\/www.lunabilisim.com.tr\/en\/wp-json\/wp\/v2\/product"}],"about":[{"href":"https:\/\/www.lunabilisim.com.tr\/en\/wp-json\/wp\/v2\/types\/product"}],"wp:featuredmedia":[{"embeddable":true,"href":"https:\/\/www.lunabilisim.com.tr\/en\/wp-json\/wp\/v2\/media\/4526"}],"wp:attachment":[{"href":"https:\/\/www.lunabilisim.com.tr\/en\/wp-json\/wp\/v2\/media?parent=4525"}],"wp:term":[{"taxonomy":"product_cat","embeddable":true,"href":"https:\/\/www.lunabilisim.com.tr\/en\/wp-json\/wp\/v2\/product_cat?post=4525"},{"taxonomy":"product_tag","embeddable":true,"href":"https:\/\/www.lunabilisim.com.tr\/en\/wp-json\/wp\/v2\/product_tag?post=4525"}],"curies":[{"name":"wp","href":"https:\/\/api.w.org\/{rel}","templated":true}]}}