{"id":4485,"date":"2022-05-07T05:44:23","date_gmt":"2022-05-07T10:44:23","guid":{"rendered":"https:\/\/www.lunabilisim.com.tr\/en\/?post_type=product&#038;p=4485"},"modified":"2022-10-08T05:27:04","modified_gmt":"2022-10-08T10:27:04","slug":"fanfold-medya-icin-dongu-kapak-plakasi","status":"publish","type":"product","link":"https:\/\/www.lunabilisim.com.tr\/en\/urun\/fanfold-medya-icin-dongu-kapak-plakasi\/","title":{"rendered":"Fanfold Medya \u0130\u00e7in D\u00f6ng\u00fc Kapak Plakas\u0131"},"content":{"rendered":"","protected":false},"excerpt":{"rendered":"<p>Compatible with:<br \/>\nKiosk KR403<\/p>\n","protected":false},"featured_media":0,"template":"","meta":{"inline_featured_image":false},"product_cat":[165],"product_tag":[],"class_list":{"0":"post-4485","1":"product","2":"type-product","3":"status-publish","5":"product_cat-printer-media-guides-and-snap-on-plates","6":"pa_marka-zebra","8":"first","9":"instock","10":"shipping-taxable","11":"product-type-simple"},"acf":[],"aioseo_notices":[],"_links":{"self":[{"href":"https:\/\/www.lunabilisim.com.tr\/en\/wp-json\/wp\/v2\/product\/4485","targetHints":{"allow":["GET"]}}],"collection":[{"href":"https:\/\/www.lunabilisim.com.tr\/en\/wp-json\/wp\/v2\/product"}],"about":[{"href":"https:\/\/www.lunabilisim.com.tr\/en\/wp-json\/wp\/v2\/types\/product"}],"wp:attachment":[{"href":"https:\/\/www.lunabilisim.com.tr\/en\/wp-json\/wp\/v2\/media?parent=4485"}],"wp:term":[{"taxonomy":"product_cat","embeddable":true,"href":"https:\/\/www.lunabilisim.com.tr\/en\/wp-json\/wp\/v2\/product_cat?post=4485"},{"taxonomy":"product_tag","embeddable":true,"href":"https:\/\/www.lunabilisim.com.tr\/en\/wp-json\/wp\/v2\/product_tag?post=4485"}],"curies":[{"name":"wp","href":"https:\/\/api.w.org\/{rel}","templated":true}]}}