{"id":4460,"date":"2022-05-07T05:20:12","date_gmt":"2022-05-07T10:20:12","guid":{"rendered":"https:\/\/www.lunabilisim.com.tr\/en\/?post_type=product&#038;p=4460"},"modified":"2022-10-08T06:37:33","modified_gmt":"2022-10-08T11:37:33","slug":"quick-fit-gobekler-icin-yaprak-yay-tutucu","status":"publish","type":"product","link":"https:\/\/www.lunabilisim.com.tr\/en\/urun\/quick-fit-gobekler-icin-yaprak-yay-tutucu\/","title":{"rendered":"Quick-Fit G\u00f6bekler \u0130\u00e7in Yaprak Yay Tutucu"},"content":{"rendered":"","protected":false},"excerpt":{"rendered":"<p>Compatible with:<br \/>\nKiosk KR403 and KR203<\/p>\n","protected":false},"featured_media":0,"template":"","meta":{"inline_featured_image":false},"product_cat":[163],"product_tag":[],"class_list":{"0":"post-4460","1":"product","2":"type-product","3":"status-publish","5":"product_cat-printer-car-and-wall-mount-kits","6":"pa_marka-zebra","8":"first","9":"instock","10":"shipping-taxable","11":"product-type-simple"},"acf":[],"aioseo_notices":[],"_links":{"self":[{"href":"https:\/\/www.lunabilisim.com.tr\/en\/wp-json\/wp\/v2\/product\/4460","targetHints":{"allow":["GET"]}}],"collection":[{"href":"https:\/\/www.lunabilisim.com.tr\/en\/wp-json\/wp\/v2\/product"}],"about":[{"href":"https:\/\/www.lunabilisim.com.tr\/en\/wp-json\/wp\/v2\/types\/product"}],"wp:attachment":[{"href":"https:\/\/www.lunabilisim.com.tr\/en\/wp-json\/wp\/v2\/media?parent=4460"}],"wp:term":[{"taxonomy":"product_cat","embeddable":true,"href":"https:\/\/www.lunabilisim.com.tr\/en\/wp-json\/wp\/v2\/product_cat?post=4460"},{"taxonomy":"product_tag","embeddable":true,"href":"https:\/\/www.lunabilisim.com.tr\/en\/wp-json\/wp\/v2\/product_tag?post=4460"}],"curies":[{"name":"wp","href":"https:\/\/api.w.org\/{rel}","templated":true}]}}