{"id":4444,"date":"2022-05-07T05:13:55","date_gmt":"2022-05-07T10:13:55","guid":{"rendered":"https:\/\/www.lunabilisim.com.tr\/en\/?post_type=product&#038;p=4444"},"modified":"2022-08-30T06:28:56","modified_gmt":"2022-08-30T11:28:56","slug":"rw-420-arac-besigi","status":"publish","type":"product","link":"https:\/\/www.lunabilisim.com.tr\/en\/urun\/rw-420-arac-besigi\/","title":{"rendered":"RW 420 Ara\u00e7 Be\u015fi\u011fi"},"content":{"rendered":"","protected":false},"excerpt":{"rendered":"<p>RW 420 yaz\u0131c\u0131n\u0131z\u0131n \u015farj edildi\u011finden ve \u015farj olurken depolanan bir ara\u00e7 be\u015fi\u011fi ile kullan\u0131ma haz\u0131r oldu\u011fundan emin olun. Basmal\u0131 d\u00fc\u011fme b\u0131rakma yaz\u0131c\u0131n\u0131z\u0131n her zaman elinizin alt\u0131nda olmas\u0131n\u0131 sa\u011flar.<\/p>\n<p>\u0130le uyumlu:<br \/>\nRW 420 Mobil Yaz\u0131c\u0131<\/p>\n","protected":false},"featured_media":4445,"template":"","meta":{"inline_featured_image":false},"product_cat":[163],"product_tag":[],"class_list":{"0":"post-4444","1":"product","2":"type-product","3":"status-publish","4":"has-post-thumbnail","6":"product_cat-printer-car-and-wall-mount-kits","7":"pa_marka-zebra","9":"first","10":"instock","11":"shipping-taxable","12":"product-type-simple"},"acf":[],"aioseo_notices":[],"_links":{"self":[{"href":"https:\/\/www.lunabilisim.com.tr\/en\/wp-json\/wp\/v2\/product\/4444","targetHints":{"allow":["GET"]}}],"collection":[{"href":"https:\/\/www.lunabilisim.com.tr\/en\/wp-json\/wp\/v2\/product"}],"about":[{"href":"https:\/\/www.lunabilisim.com.tr\/en\/wp-json\/wp\/v2\/types\/product"}],"wp:featuredmedia":[{"embeddable":true,"href":"https:\/\/www.lunabilisim.com.tr\/en\/wp-json\/wp\/v2\/media\/4445"}],"wp:attachment":[{"href":"https:\/\/www.lunabilisim.com.tr\/en\/wp-json\/wp\/v2\/media?parent=4444"}],"wp:term":[{"taxonomy":"product_cat","embeddable":true,"href":"https:\/\/www.lunabilisim.com.tr\/en\/wp-json\/wp\/v2\/product_cat?post=4444"},{"taxonomy":"product_tag","embeddable":true,"href":"https:\/\/www.lunabilisim.com.tr\/en\/wp-json\/wp\/v2\/product_tag?post=4444"}],"curies":[{"name":"wp","href":"https:\/\/api.w.org\/{rel}","templated":true}]}}