{"id":4312,"date":"2022-05-07T03:51:06","date_gmt":"2022-05-07T08:51:06","guid":{"rendered":"https:\/\/www.lunabilisim.com.tr\/en\/?post_type=product&#038;p=4312"},"modified":"2022-10-08T07:38:26","modified_gmt":"2022-10-08T12:38:26","slug":"zq500-serisi-sifreli-manyetik-seritli-kart-okuyucu-modulu","status":"publish","type":"product","link":"https:\/\/www.lunabilisim.com.tr\/en\/urun\/zq500-serisi-sifreli-manyetik-seritli-kart-okuyucu-modulu\/","title":{"rendered":"ZQ500 Serisi \u015eifreli Manyetik \u015eeritli Kart Okuyucu Mod\u00fcl\u00fc"},"content":{"rendered":"","protected":false},"excerpt":{"rendered":"<p>The ZQ500 connects to the printer to enable payment processing and reading of licenses, credit cards, and badges. Encryption keys can be loaded through Zebra Custom Application Group.<\/p>\n<p>Compatible with:<br \/>\nZQ510 Mobile Printer, ZQ520 Mobile Printer<\/p>\n","protected":false},"featured_media":4313,"template":"","meta":{"inline_featured_image":false},"product_cat":[159],"product_tag":[],"class_list":{"0":"post-4312","1":"product","2":"type-product","3":"status-publish","4":"has-post-thumbnail","6":"product_cat-printer-cables","7":"pa_marka-zebra","9":"first","10":"instock","11":"shipping-taxable","12":"product-type-simple"},"acf":[],"aioseo_notices":[],"_links":{"self":[{"href":"https:\/\/www.lunabilisim.com.tr\/en\/wp-json\/wp\/v2\/product\/4312","targetHints":{"allow":["GET"]}}],"collection":[{"href":"https:\/\/www.lunabilisim.com.tr\/en\/wp-json\/wp\/v2\/product"}],"about":[{"href":"https:\/\/www.lunabilisim.com.tr\/en\/wp-json\/wp\/v2\/types\/product"}],"wp:featuredmedia":[{"embeddable":true,"href":"https:\/\/www.lunabilisim.com.tr\/en\/wp-json\/wp\/v2\/media\/4313"}],"wp:attachment":[{"href":"https:\/\/www.lunabilisim.com.tr\/en\/wp-json\/wp\/v2\/media?parent=4312"}],"wp:term":[{"taxonomy":"product_cat","embeddable":true,"href":"https:\/\/www.lunabilisim.com.tr\/en\/wp-json\/wp\/v2\/product_cat?post=4312"},{"taxonomy":"product_tag","embeddable":true,"href":"https:\/\/www.lunabilisim.com.tr\/en\/wp-json\/wp\/v2\/product_tag?post=4312"}],"curies":[{"name":"wp","href":"https:\/\/api.w.org\/{rel}","templated":true}]}}