{"id":4309,"date":"2022-05-07T03:47:29","date_gmt":"2022-05-07T08:47:29","guid":{"rendered":"https:\/\/www.lunabilisim.com.tr\/en\/?post_type=product&#038;p=4309"},"modified":"2022-10-08T05:29:59","modified_gmt":"2022-10-08T10:29:59","slug":"harici-guc-kaynagi-icin-kiosk-yazici-kablosuna-guc-kaynagi","status":"publish","type":"product","link":"https:\/\/www.lunabilisim.com.tr\/en\/urun\/harici-guc-kaynagi-icin-kiosk-yazici-kablosuna-guc-kaynagi\/","title":{"rendered":"Harici G\u00fc\u00e7 Kayna\u011f\u0131 \u0130\u00e7in Kiosk Yaz\u0131c\u0131 Kablosuna G\u00fc\u00e7 Kayna\u011f\u0131"},"content":{"rendered":"","protected":false},"excerpt":{"rendered":"<p>To ensure uninterrupted printing from your kiosk printer, this cable can be used for connection to external power supplies.<br \/>\nCompatible with:<br \/>\nTTP 7030 Kiosk Receipt Printer, TTP 8200 Kiosk Printer, TTP 8300 Kiosk Printer, TTP 2110 Kiosk Printer, TTP 2130 Kiosk Printer, TTP 2000 Series Kiosk Receipt Printers, KR203 Kiosk Receipt Printer, KR403 Kiosk Receipt Printer<\/p>\n","protected":false},"featured_media":0,"template":"","meta":{"inline_featured_image":false},"product_cat":[158],"product_tag":[],"class_list":{"0":"post-4309","1":"product","2":"type-product","3":"status-publish","5":"product_cat-printer-chargers-and-power-adapters","6":"pa_marka-zebra","8":"first","9":"instock","10":"shipping-taxable","11":"product-type-simple"},"acf":[],"aioseo_notices":[],"_links":{"self":[{"href":"https:\/\/www.lunabilisim.com.tr\/en\/wp-json\/wp\/v2\/product\/4309","targetHints":{"allow":["GET"]}}],"collection":[{"href":"https:\/\/www.lunabilisim.com.tr\/en\/wp-json\/wp\/v2\/product"}],"about":[{"href":"https:\/\/www.lunabilisim.com.tr\/en\/wp-json\/wp\/v2\/types\/product"}],"wp:attachment":[{"href":"https:\/\/www.lunabilisim.com.tr\/en\/wp-json\/wp\/v2\/media?parent=4309"}],"wp:term":[{"taxonomy":"product_cat","embeddable":true,"href":"https:\/\/www.lunabilisim.com.tr\/en\/wp-json\/wp\/v2\/product_cat?post=4309"},{"taxonomy":"product_tag","embeddable":true,"href":"https:\/\/www.lunabilisim.com.tr\/en\/wp-json\/wp\/v2\/product_tag?post=4309"}],"curies":[{"name":"wp","href":"https:\/\/api.w.org\/{rel}","templated":true}]}}