{"id":4285,"date":"2022-05-07T03:30:58","date_gmt":"2022-05-07T08:30:58","guid":{"rendered":"https:\/\/www.lunabilisim.com.tr\/en\/?post_type=product&#038;p=4285"},"modified":"2022-10-08T06:49:57","modified_gmt":"2022-10-08T11:49:57","slug":"saglik-hizmetleri-icin-zq600-serisi-qln-serisi-iec60601-ac-adaptoru","status":"publish","type":"product","link":"https:\/\/www.lunabilisim.com.tr\/en\/urun\/saglik-hizmetleri-icin-zq600-serisi-qln-serisi-iec60601-ac-adaptoru\/","title":{"rendered":"Sa\u011fl\u0131k Hizmetleri \u0130\u00e7in ZQ600 Serisi\/QLN Serisi IEC60601 AC Adapt\u00f6r\u00fc"},"content":{"rendered":"","protected":false},"excerpt":{"rendered":"<p>Connect the printer to AC power to charge the printer&#8217;s internal battery. It complies with the Health standard IEC60601 for use in patient rooms.<\/p>\n<p>Compatible with:<br \/>\nQLn220 Healthcare, QLn320 Healthcare, ZQ610 Healthcare, ZQ620 Healthcare<\/p>\n","protected":false},"featured_media":0,"template":"","meta":{"inline_featured_image":false},"product_cat":[158],"product_tag":[],"class_list":{"0":"post-4285","1":"product","2":"type-product","3":"status-publish","5":"product_cat-printer-chargers-and-power-adapters","6":"pa_marka-zebra","8":"first","9":"instock","10":"shipping-taxable","11":"product-type-simple"},"acf":[],"aioseo_notices":[],"_links":{"self":[{"href":"https:\/\/www.lunabilisim.com.tr\/en\/wp-json\/wp\/v2\/product\/4285","targetHints":{"allow":["GET"]}}],"collection":[{"href":"https:\/\/www.lunabilisim.com.tr\/en\/wp-json\/wp\/v2\/product"}],"about":[{"href":"https:\/\/www.lunabilisim.com.tr\/en\/wp-json\/wp\/v2\/types\/product"}],"wp:attachment":[{"href":"https:\/\/www.lunabilisim.com.tr\/en\/wp-json\/wp\/v2\/media?parent=4285"}],"wp:term":[{"taxonomy":"product_cat","embeddable":true,"href":"https:\/\/www.lunabilisim.com.tr\/en\/wp-json\/wp\/v2\/product_cat?post=4285"},{"taxonomy":"product_tag","embeddable":true,"href":"https:\/\/www.lunabilisim.com.tr\/en\/wp-json\/wp\/v2\/product_tag?post=4285"}],"curies":[{"name":"wp","href":"https:\/\/api.w.org\/{rel}","templated":true}]}}