{"id":4278,"date":"2022-05-07T03:26:50","date_gmt":"2022-05-07T08:26:50","guid":{"rendered":"https:\/\/www.lunabilisim.com.tr\/en\/?post_type=product&#038;p=4278"},"modified":"2022-10-08T05:29:01","modified_gmt":"2022-10-08T10:29:01","slug":"guc-kaynagi-24v-60w","status":"publish","type":"product","link":"https:\/\/www.lunabilisim.com.tr\/en\/urun\/guc-kaynagi-24v-60w\/","title":{"rendered":"G\u00fc\u00e7 Kayna\u011f\u0131 24V, 60W"},"content":{"rendered":"","protected":false},"excerpt":{"rendered":"<p>Compatible with:<br \/>\nKiosk KR403 and KR203<\/p>\n","protected":false},"featured_media":0,"template":"","meta":{"inline_featured_image":false},"product_cat":[158],"product_tag":[],"class_list":{"0":"post-4278","1":"product","2":"type-product","3":"status-publish","5":"product_cat-printer-chargers-and-power-adapters","6":"pa_marka-zebra","8":"first","9":"instock","10":"shipping-taxable","11":"product-type-simple"},"acf":[],"aioseo_notices":[],"_links":{"self":[{"href":"https:\/\/www.lunabilisim.com.tr\/en\/wp-json\/wp\/v2\/product\/4278","targetHints":{"allow":["GET"]}}],"collection":[{"href":"https:\/\/www.lunabilisim.com.tr\/en\/wp-json\/wp\/v2\/product"}],"about":[{"href":"https:\/\/www.lunabilisim.com.tr\/en\/wp-json\/wp\/v2\/types\/product"}],"wp:attachment":[{"href":"https:\/\/www.lunabilisim.com.tr\/en\/wp-json\/wp\/v2\/media?parent=4278"}],"wp:term":[{"taxonomy":"product_cat","embeddable":true,"href":"https:\/\/www.lunabilisim.com.tr\/en\/wp-json\/wp\/v2\/product_cat?post=4278"},{"taxonomy":"product_tag","embeddable":true,"href":"https:\/\/www.lunabilisim.com.tr\/en\/wp-json\/wp\/v2\/product_tag?post=4278"}],"curies":[{"name":"wp","href":"https:\/\/api.w.org\/{rel}","templated":true}]}}