{"id":4276,"date":"2022-05-07T03:26:01","date_gmt":"2022-05-07T08:26:01","guid":{"rendered":"https:\/\/www.lunabilisim.com.tr\/en\/?post_type=product&#038;p=4276"},"modified":"2022-10-08T06:43:57","modified_gmt":"2022-10-08T11:43:57","slug":"rw-420-4-yuvali-guc-istasyonu","status":"publish","type":"product","link":"https:\/\/www.lunabilisim.com.tr\/en\/urun\/rw-420-4-yuvali-guc-istasyonu\/","title":{"rendered":"RW 420 4 Yuval\u0131 G\u00fc\u00e7 \u0130stasyonu"},"content":{"rendered":"","protected":false},"excerpt":{"rendered":"<p>This convenient power station stores and charges four RW 420 Route Pallets at the same time using a power outlet. Your RW 420 printers will always be charged and at hand.<\/p>\n<p>Compatible with:<br \/>\nRW 420 Mobile Printer<\/p>\n","protected":false},"featured_media":4277,"template":"","meta":{"inline_featured_image":false},"product_cat":[158],"product_tag":[],"class_list":{"0":"post-4276","1":"product","2":"type-product","3":"status-publish","4":"has-post-thumbnail","6":"product_cat-printer-chargers-and-power-adapters","7":"pa_marka-zebra","9":"first","10":"instock","11":"shipping-taxable","12":"product-type-simple"},"acf":[],"aioseo_notices":[],"_links":{"self":[{"href":"https:\/\/www.lunabilisim.com.tr\/en\/wp-json\/wp\/v2\/product\/4276","targetHints":{"allow":["GET"]}}],"collection":[{"href":"https:\/\/www.lunabilisim.com.tr\/en\/wp-json\/wp\/v2\/product"}],"about":[{"href":"https:\/\/www.lunabilisim.com.tr\/en\/wp-json\/wp\/v2\/types\/product"}],"wp:featuredmedia":[{"embeddable":true,"href":"https:\/\/www.lunabilisim.com.tr\/en\/wp-json\/wp\/v2\/media\/4277"}],"wp:attachment":[{"href":"https:\/\/www.lunabilisim.com.tr\/en\/wp-json\/wp\/v2\/media?parent=4276"}],"wp:term":[{"taxonomy":"product_cat","embeddable":true,"href":"https:\/\/www.lunabilisim.com.tr\/en\/wp-json\/wp\/v2\/product_cat?post=4276"},{"taxonomy":"product_tag","embeddable":true,"href":"https:\/\/www.lunabilisim.com.tr\/en\/wp-json\/wp\/v2\/product_tag?post=4276"}],"curies":[{"name":"wp","href":"https:\/\/api.w.org\/{rel}","templated":true}]}}