{"id":4270,"date":"2022-05-07T03:23:00","date_gmt":"2022-05-07T08:23:00","guid":{"rendered":"https:\/\/www.lunabilisim.com.tr\/en\/?post_type=product&#038;p=4270"},"modified":"2022-10-08T05:33:44","modified_gmt":"2022-10-08T10:33:44","slug":"imz-serisi-12v-dc-guc-kaynagi","status":"publish","type":"product","link":"https:\/\/www.lunabilisim.com.tr\/en\/urun\/imz-serisi-12v-dc-guc-kaynagi\/","title":{"rendered":"\u0130MZ Serisi 12V DC G\u00fc\u00e7 Kayna\u011f\u0131"},"content":{"rendered":"","protected":false},"excerpt":{"rendered":"<p>Charges the printer with the Car Cigarette Lighter Power Adapter. It connects to the barrel jack on the printer. Note: The printer is sold separately.<\/p>\n<p>Compatible with:<br \/>\niMZ220 Mobile Printer, iMZ320 Mobile Printer<\/p>\n","protected":false},"featured_media":0,"template":"","meta":{"inline_featured_image":false},"product_cat":[158],"product_tag":[],"class_list":{"0":"post-4270","1":"product","2":"type-product","3":"status-publish","5":"product_cat-printer-chargers-and-power-adapters","6":"pa_marka-zebra","8":"first","9":"instock","10":"shipping-taxable","11":"product-type-simple"},"acf":[],"aioseo_notices":[],"_links":{"self":[{"href":"https:\/\/www.lunabilisim.com.tr\/en\/wp-json\/wp\/v2\/product\/4270","targetHints":{"allow":["GET"]}}],"collection":[{"href":"https:\/\/www.lunabilisim.com.tr\/en\/wp-json\/wp\/v2\/product"}],"about":[{"href":"https:\/\/www.lunabilisim.com.tr\/en\/wp-json\/wp\/v2\/types\/product"}],"wp:attachment":[{"href":"https:\/\/www.lunabilisim.com.tr\/en\/wp-json\/wp\/v2\/media?parent=4270"}],"wp:term":[{"taxonomy":"product_cat","embeddable":true,"href":"https:\/\/www.lunabilisim.com.tr\/en\/wp-json\/wp\/v2\/product_cat?post=4270"},{"taxonomy":"product_tag","embeddable":true,"href":"https:\/\/www.lunabilisim.com.tr\/en\/wp-json\/wp\/v2\/product_tag?post=4270"}],"curies":[{"name":"wp","href":"https:\/\/api.w.org\/{rel}","templated":true}]}}