{"id":4266,"date":"2022-05-07T03:20:58","date_gmt":"2022-05-07T08:20:58","guid":{"rendered":"https:\/\/www.lunabilisim.com.tr\/en\/?post_type=product&#038;p=4266"},"modified":"2022-10-08T06:45:56","modified_gmt":"2022-10-08T11:45:56","slug":"rw-serisi-abd-li-ion-calisan-sarj-cihazi","status":"publish","type":"product","link":"https:\/\/www.lunabilisim.com.tr\/en\/urun\/rw-serisi-abd-li-ion-calisan-sarj-cihazi\/","title":{"rendered":"RW Serisi ABD L\u0130-ION \u00c7al\u0131\u015fan \u015earj Cihaz\u0131"},"content":{"rendered":"","protected":false},"excerpt":{"rendered":"<p>Make sure your QL Series or RW Series mobile printers are always ready for use with a power adapter that charges your printers from a wall outlet when stationary.<\/p>\n<p>Compatible with:<br \/>\nQLN320 Mobile Printer, QLn220 Mobile Printer, QL 220 Plus, QL 320 Plus, QL 420 Plus, RW 220 Mobile Printer, RW 420 Mobile Printer, RP4T RFID Printers, QLn220 Healthcare, QLn320 Healthcare<\/p>\n","protected":false},"featured_media":4267,"template":"","meta":{"inline_featured_image":false},"product_cat":[158],"product_tag":[],"class_list":{"0":"post-4266","1":"product","2":"type-product","3":"status-publish","4":"has-post-thumbnail","6":"product_cat-printer-chargers-and-power-adapters","7":"pa_marka-zebra","9":"first","10":"instock","11":"shipping-taxable","12":"product-type-simple"},"acf":[],"aioseo_notices":[],"_links":{"self":[{"href":"https:\/\/www.lunabilisim.com.tr\/en\/wp-json\/wp\/v2\/product\/4266","targetHints":{"allow":["GET"]}}],"collection":[{"href":"https:\/\/www.lunabilisim.com.tr\/en\/wp-json\/wp\/v2\/product"}],"about":[{"href":"https:\/\/www.lunabilisim.com.tr\/en\/wp-json\/wp\/v2\/types\/product"}],"wp:featuredmedia":[{"embeddable":true,"href":"https:\/\/www.lunabilisim.com.tr\/en\/wp-json\/wp\/v2\/media\/4267"}],"wp:attachment":[{"href":"https:\/\/www.lunabilisim.com.tr\/en\/wp-json\/wp\/v2\/media?parent=4266"}],"wp:term":[{"taxonomy":"product_cat","embeddable":true,"href":"https:\/\/www.lunabilisim.com.tr\/en\/wp-json\/wp\/v2\/product_cat?post=4266"},{"taxonomy":"product_tag","embeddable":true,"href":"https:\/\/www.lunabilisim.com.tr\/en\/wp-json\/wp\/v2\/product_tag?post=4266"}],"curies":[{"name":"wp","href":"https:\/\/api.w.org\/{rel}","templated":true}]}}