{"id":4265,"date":"2022-05-07T03:14:47","date_gmt":"2022-05-07T08:14:47","guid":{"rendered":"https:\/\/www.lunabilisim.com.tr\/en\/?post_type=product&#038;p=4265"},"modified":"2022-10-08T06:48:18","modified_gmt":"2022-10-08T11:48:18","slug":"rw-ve-p4t-abd-li-ion-dortlu-sarj-cihazi","status":"publish","type":"product","link":"https:\/\/www.lunabilisim.com.tr\/en\/urun\/rw-ve-p4t-abd-li-ion-dortlu-sarj-cihazi\/","title":{"rendered":"RW ve P4T ABD L\u0130-ION D\u00f6rtl\u00fc \u015earj Cihaz\u0131"},"content":{"rendered":"","protected":false},"excerpt":{"rendered":"<p>This battery charger powers up to four QL Series, RW Series or P4T\/RP4T lithium-ion batteries in two to five hours.<\/p>\n<p>Compatible with:<br \/>\nQLn320 Mobile Printer, QLn220 Mobile Printer, QL 220 Plus, QL 320 Plus, QL 420 Plus, RW 220 Mobile Printer, RW 420 Mobile Printer, P4T Mobile Printers, RP4T RFID Printers, QLn220 Healthcare, QLn320 Healthcare<\/p>\n","protected":false},"featured_media":0,"template":"","meta":{"inline_featured_image":false},"product_cat":[158],"product_tag":[],"class_list":{"0":"post-4265","1":"product","2":"type-product","3":"status-publish","5":"product_cat-printer-chargers-and-power-adapters","6":"pa_marka-zebra","8":"first","9":"instock","10":"shipping-taxable","11":"product-type-simple"},"acf":[],"aioseo_notices":[],"_links":{"self":[{"href":"https:\/\/www.lunabilisim.com.tr\/en\/wp-json\/wp\/v2\/product\/4265","targetHints":{"allow":["GET"]}}],"collection":[{"href":"https:\/\/www.lunabilisim.com.tr\/en\/wp-json\/wp\/v2\/product"}],"about":[{"href":"https:\/\/www.lunabilisim.com.tr\/en\/wp-json\/wp\/v2\/types\/product"}],"wp:attachment":[{"href":"https:\/\/www.lunabilisim.com.tr\/en\/wp-json\/wp\/v2\/media?parent=4265"}],"wp:term":[{"taxonomy":"product_cat","embeddable":true,"href":"https:\/\/www.lunabilisim.com.tr\/en\/wp-json\/wp\/v2\/product_cat?post=4265"},{"taxonomy":"product_tag","embeddable":true,"href":"https:\/\/www.lunabilisim.com.tr\/en\/wp-json\/wp\/v2\/product_tag?post=4265"}],"curies":[{"name":"wp","href":"https:\/\/api.w.org\/{rel}","templated":true}]}}