{"id":4263,"date":"2022-05-07T03:11:08","date_gmt":"2022-05-07T08:11:08","guid":{"rendered":"https:\/\/www.lunabilisim.com.tr\/en\/?post_type=product&#038;p=4263"},"modified":"2022-10-08T06:48:50","modified_gmt":"2022-10-08T11:48:50","slug":"rw-ve-p4t-us-li-ion-hizli-sarj-cihazi","status":"publish","type":"product","link":"https:\/\/www.lunabilisim.com.tr\/en\/urun\/rw-ve-p4t-us-li-ion-hizli-sarj-cihazi\/","title":{"rendered":"RW ve P4T US L\u0130-ION H\u0131zl\u0131 \u015earj Cihaz\u0131"},"content":{"rendered":"","protected":false},"excerpt":{"rendered":"<p>Get your QL, RW or P4T\/RP4T Series printer up and running in two to five hours with this Li-Ion battery charger.<\/p>\n<p>Compatible with:<br \/>\nQLn320 Mobile Printer, QL 220 Plus, QL 320 Plus, QL 420 Plus, RW 220 Mobile Printer, RW 420 Mobile Printer, RP4T RFID Printers, P4T Mobile Printers, QLn220 Mobile Printer, QLn220 Healthcare, QLn320 Healthcare<\/p>\n","protected":false},"featured_media":4264,"template":"","meta":{"inline_featured_image":false},"product_cat":[158],"product_tag":[],"class_list":{"0":"post-4263","1":"product","2":"type-product","3":"status-publish","4":"has-post-thumbnail","6":"product_cat-printer-chargers-and-power-adapters","7":"pa_marka-zebra","9":"first","10":"instock","11":"shipping-taxable","12":"product-type-simple"},"acf":[],"aioseo_notices":[],"_links":{"self":[{"href":"https:\/\/www.lunabilisim.com.tr\/en\/wp-json\/wp\/v2\/product\/4263","targetHints":{"allow":["GET"]}}],"collection":[{"href":"https:\/\/www.lunabilisim.com.tr\/en\/wp-json\/wp\/v2\/product"}],"about":[{"href":"https:\/\/www.lunabilisim.com.tr\/en\/wp-json\/wp\/v2\/types\/product"}],"wp:featuredmedia":[{"embeddable":true,"href":"https:\/\/www.lunabilisim.com.tr\/en\/wp-json\/wp\/v2\/media\/4264"}],"wp:attachment":[{"href":"https:\/\/www.lunabilisim.com.tr\/en\/wp-json\/wp\/v2\/media?parent=4263"}],"wp:term":[{"taxonomy":"product_cat","embeddable":true,"href":"https:\/\/www.lunabilisim.com.tr\/en\/wp-json\/wp\/v2\/product_cat?post=4263"},{"taxonomy":"product_tag","embeddable":true,"href":"https:\/\/www.lunabilisim.com.tr\/en\/wp-json\/wp\/v2\/product_tag?post=4263"}],"curies":[{"name":"wp","href":"https:\/\/api.w.org\/{rel}","templated":true}]}}