{"id":4255,"date":"2022-05-07T03:02:45","date_gmt":"2022-05-07T08:02:45","guid":{"rendered":"https:\/\/www.lunabilisim.com.tr\/en\/?post_type=product&#038;p=4255"},"modified":"2022-10-08T04:47:39","modified_gmt":"2022-10-08T09:47:39","slug":"3-yuvali-pil-sarj-cihazi","status":"publish","type":"product","link":"https:\/\/www.lunabilisim.com.tr\/en\/urun\/3-yuvali-pil-sarj-cihazi\/","title":{"rendered":"3 Yuval\u0131 Pil \u015earj Cihaz\u0131"},"content":{"rendered":"","protected":false},"excerpt":{"rendered":"<p>Single Sefer \u00fc\u00e7 adede kadar ZQ600, QLn veya ZQ500 series powerprecision + Li-Ion digitizer locates ply and makes a win.<\/p>\n<p>With suitable:<br \/>\nZQ510, ZQ520, QLn220, QLn320, QLn420, QLn220 Healthcare, QLn320 Healthcare, QL220, QL320, QL420, ZQ610, ZQ620, ZQ610 Healthcare, ZQ620 Healthcare<\/p>\n<p>&nbsp;<\/p>\n","protected":false},"featured_media":4256,"template":"","meta":{"inline_featured_image":false},"product_cat":[158],"product_tag":[],"class_list":{"0":"post-4255","1":"product","2":"type-product","3":"status-publish","4":"has-post-thumbnail","6":"product_cat-printer-chargers-and-power-adapters","7":"pa_marka-zebra","9":"first","10":"instock","11":"shipping-taxable","12":"product-type-simple"},"acf":[],"aioseo_notices":[],"_links":{"self":[{"href":"https:\/\/www.lunabilisim.com.tr\/en\/wp-json\/wp\/v2\/product\/4255","targetHints":{"allow":["GET"]}}],"collection":[{"href":"https:\/\/www.lunabilisim.com.tr\/en\/wp-json\/wp\/v2\/product"}],"about":[{"href":"https:\/\/www.lunabilisim.com.tr\/en\/wp-json\/wp\/v2\/types\/product"}],"wp:featuredmedia":[{"embeddable":true,"href":"https:\/\/www.lunabilisim.com.tr\/en\/wp-json\/wp\/v2\/media\/4256"}],"wp:attachment":[{"href":"https:\/\/www.lunabilisim.com.tr\/en\/wp-json\/wp\/v2\/media?parent=4255"}],"wp:term":[{"taxonomy":"product_cat","embeddable":true,"href":"https:\/\/www.lunabilisim.com.tr\/en\/wp-json\/wp\/v2\/product_cat?post=4255"},{"taxonomy":"product_tag","embeddable":true,"href":"https:\/\/www.lunabilisim.com.tr\/en\/wp-json\/wp\/v2\/product_tag?post=4255"}],"curies":[{"name":"wp","href":"https:\/\/api.w.org\/{rel}","templated":true}]}}