{"id":4253,"date":"2022-05-07T03:01:32","date_gmt":"2022-05-07T08:01:32","guid":{"rendered":"https:\/\/www.lunabilisim.com.tr\/en\/?post_type=product&#038;p=4253"},"modified":"2022-10-08T05:06:42","modified_gmt":"2022-10-08T10:06:42","slug":"cift-3-yuvali-pil-sarj-cihazi","status":"publish","type":"product","link":"https:\/\/www.lunabilisim.com.tr\/en\/urun\/cift-3-yuvali-pil-sarj-cihazi\/","title":{"rendered":"\u00c7ift 3 Yuval\u0131 Pil \u015earj Cihaz\u0131"},"content":{"rendered":"","protected":false},"excerpt":{"rendered":"<p>It inserts and charges up to six ZQ600, QLn or ZQ500 Series PowerPrecision+ Li-Ion printer batteries at a time.<\/p>\n<p>Compatible with:<br \/>\nZQ510,ZQ520,QLn220, QLn320,QLn420,QLn220 Healthcare,QLn320 Healthcare,ZQ610,ZQ620, ZQ610 Healthcare, ZQ620 Healthcare<\/p>\n","protected":false},"featured_media":4254,"template":"","meta":{"inline_featured_image":false},"product_cat":[158],"product_tag":[],"class_list":{"0":"post-4253","1":"product","2":"type-product","3":"status-publish","4":"has-post-thumbnail","6":"product_cat-printer-chargers-and-power-adapters","7":"pa_marka-zebra","9":"first","10":"instock","11":"shipping-taxable","12":"product-type-simple"},"acf":[],"aioseo_notices":[],"_links":{"self":[{"href":"https:\/\/www.lunabilisim.com.tr\/en\/wp-json\/wp\/v2\/product\/4253","targetHints":{"allow":["GET"]}}],"collection":[{"href":"https:\/\/www.lunabilisim.com.tr\/en\/wp-json\/wp\/v2\/product"}],"about":[{"href":"https:\/\/www.lunabilisim.com.tr\/en\/wp-json\/wp\/v2\/types\/product"}],"wp:featuredmedia":[{"embeddable":true,"href":"https:\/\/www.lunabilisim.com.tr\/en\/wp-json\/wp\/v2\/media\/4254"}],"wp:attachment":[{"href":"https:\/\/www.lunabilisim.com.tr\/en\/wp-json\/wp\/v2\/media?parent=4253"}],"wp:term":[{"taxonomy":"product_cat","embeddable":true,"href":"https:\/\/www.lunabilisim.com.tr\/en\/wp-json\/wp\/v2\/product_cat?post=4253"},{"taxonomy":"product_tag","embeddable":true,"href":"https:\/\/www.lunabilisim.com.tr\/en\/wp-json\/wp\/v2\/product_tag?post=4253"}],"curies":[{"name":"wp","href":"https:\/\/api.w.org\/{rel}","templated":true}]}}