{"id":4231,"date":"2022-05-07T02:45:50","date_gmt":"2022-05-07T07:45:50","guid":{"rendered":"https:\/\/www.lunabilisim.com.tr\/en\/?post_type=product&#038;p=4231"},"modified":"2022-10-08T06:37:04","modified_gmt":"2022-10-08T11:37:04","slug":"qln420-tek-ethernet-sarj-besigi","status":"publish","type":"product","link":"https:\/\/www.lunabilisim.com.tr\/en\/urun\/qln420-tek-ethernet-sarj-besigi\/","title":{"rendered":"QLN420 Tek Ethernet \u015earj Be\u015fi\u011fi"},"content":{"rendered":"","protected":false},"excerpt":{"rendered":"<p>Place a single QLN420 printer on a tabletop\/countertop surface and charge it. Ethernet allows remote management of printers. The power supply comes with a Single Ethernet Charging Dock.<\/p>\n<p>Compatible with:<br \/>\nQLn420 Mobile Printer<\/p>\n","protected":false},"featured_media":0,"template":"","meta":{"inline_featured_image":false},"product_cat":[158],"product_tag":[],"class_list":{"0":"post-4231","1":"product","2":"type-product","3":"status-publish","5":"product_cat-printer-chargers-and-power-adapters","6":"pa_marka-zebra","8":"first","9":"instock","10":"shipping-taxable","11":"product-type-simple"},"acf":[],"aioseo_notices":[],"_links":{"self":[{"href":"https:\/\/www.lunabilisim.com.tr\/en\/wp-json\/wp\/v2\/product\/4231","targetHints":{"allow":["GET"]}}],"collection":[{"href":"https:\/\/www.lunabilisim.com.tr\/en\/wp-json\/wp\/v2\/product"}],"about":[{"href":"https:\/\/www.lunabilisim.com.tr\/en\/wp-json\/wp\/v2\/types\/product"}],"wp:attachment":[{"href":"https:\/\/www.lunabilisim.com.tr\/en\/wp-json\/wp\/v2\/media?parent=4231"}],"wp:term":[{"taxonomy":"product_cat","embeddable":true,"href":"https:\/\/www.lunabilisim.com.tr\/en\/wp-json\/wp\/v2\/product_cat?post=4231"},{"taxonomy":"product_tag","embeddable":true,"href":"https:\/\/www.lunabilisim.com.tr\/en\/wp-json\/wp\/v2\/product_tag?post=4231"}],"curies":[{"name":"wp","href":"https:\/\/api.w.org\/{rel}","templated":true}]}}