{"id":4181,"date":"2022-05-06T10:55:34","date_gmt":"2022-05-06T15:55:34","guid":{"rendered":"https:\/\/www.lunabilisim.com.tr\/en\/?post_type=product&#038;p=4181"},"modified":"2022-10-08T06:50:21","modified_gmt":"2022-10-08T11:50:21","slug":"saglik-hizmetleri-icin-zq600-serisi-qln-serisi-kemer-klipsi","status":"publish","type":"product","link":"https:\/\/www.lunabilisim.com.tr\/en\/urun\/saglik-hizmetleri-icin-zq600-serisi-qln-serisi-kemer-klipsi\/","title":{"rendered":"Sa\u011fl\u0131k Hizmetleri \u0130\u00e7in ZQ600 Serisi\/QLN Serisi Kemer Klipsi"},"content":{"rendered":"","protected":false},"excerpt":{"rendered":"<p>Belt clip for ZQ600 and QLn Healthcare Series Mobile printers.<\/p>\n<p>Note: Printer sold separately.<\/p>\n<p>Compatible with:<br \/>\nQLn220 Healthcare, QLn320 Healthcare, ZQ610 Healthcare, ZQ620 Healthcare<\/p>\n","protected":false},"featured_media":4182,"template":"","meta":{"inline_featured_image":false},"product_cat":[156],"product_tag":[],"class_list":{"0":"post-4181","1":"product","2":"type-product","3":"status-publish","4":"has-post-thumbnail","6":"product_cat-mobile-printer-cases-and-carrying-straps","7":"pa_marka-zebra","9":"first","10":"instock","11":"shipping-taxable","12":"product-type-simple"},"acf":[],"aioseo_notices":[],"_links":{"self":[{"href":"https:\/\/www.lunabilisim.com.tr\/en\/wp-json\/wp\/v2\/product\/4181","targetHints":{"allow":["GET"]}}],"collection":[{"href":"https:\/\/www.lunabilisim.com.tr\/en\/wp-json\/wp\/v2\/product"}],"about":[{"href":"https:\/\/www.lunabilisim.com.tr\/en\/wp-json\/wp\/v2\/types\/product"}],"wp:featuredmedia":[{"embeddable":true,"href":"https:\/\/www.lunabilisim.com.tr\/en\/wp-json\/wp\/v2\/media\/4182"}],"wp:attachment":[{"href":"https:\/\/www.lunabilisim.com.tr\/en\/wp-json\/wp\/v2\/media?parent=4181"}],"wp:term":[{"taxonomy":"product_cat","embeddable":true,"href":"https:\/\/www.lunabilisim.com.tr\/en\/wp-json\/wp\/v2\/product_cat?post=4181"},{"taxonomy":"product_tag","embeddable":true,"href":"https:\/\/www.lunabilisim.com.tr\/en\/wp-json\/wp\/v2\/product_tag?post=4181"}],"curies":[{"name":"wp","href":"https:\/\/api.w.org\/{rel}","templated":true}]}}