{"id":4158,"date":"2022-05-06T10:43:25","date_gmt":"2022-05-06T15:43:25","guid":{"rendered":"https:\/\/www.lunabilisim.com.tr\/en\/?post_type=product&#038;p=4158"},"modified":"2022-10-08T06:43:32","modified_gmt":"2022-10-08T11:43:32","slug":"rw-220-yumusak-kilif","status":"publish","type":"product","link":"https:\/\/www.lunabilisim.com.tr\/en\/urun\/rw-220-yumusak-kilif\/","title":{"rendered":"RW 220 Yumu\u015fak K\u0131l\u0131f"},"content":{"rendered":"","protected":false},"excerpt":{"rendered":"<p>Protect your RW 220 from the dangers of outdoor use or the dusty conditions of a warehouse with this soft, easy-to-wear protective printer case.<\/p>\n<p>Compatible with:<br \/>\nRW 220 Mobile Printer<\/p>\n","protected":false},"featured_media":0,"template":"","meta":{"inline_featured_image":false},"product_cat":[156],"product_tag":[],"class_list":{"0":"post-4158","1":"product","2":"type-product","3":"status-publish","5":"product_cat-mobile-printer-cases-and-carrying-straps","6":"pa_marka-zebra","8":"first","9":"instock","10":"shipping-taxable","11":"product-type-simple"},"acf":[],"aioseo_notices":[],"_links":{"self":[{"href":"https:\/\/www.lunabilisim.com.tr\/en\/wp-json\/wp\/v2\/product\/4158","targetHints":{"allow":["GET"]}}],"collection":[{"href":"https:\/\/www.lunabilisim.com.tr\/en\/wp-json\/wp\/v2\/product"}],"about":[{"href":"https:\/\/www.lunabilisim.com.tr\/en\/wp-json\/wp\/v2\/types\/product"}],"wp:attachment":[{"href":"https:\/\/www.lunabilisim.com.tr\/en\/wp-json\/wp\/v2\/media?parent=4158"}],"wp:term":[{"taxonomy":"product_cat","embeddable":true,"href":"https:\/\/www.lunabilisim.com.tr\/en\/wp-json\/wp\/v2\/product_cat?post=4158"},{"taxonomy":"product_tag","embeddable":true,"href":"https:\/\/www.lunabilisim.com.tr\/en\/wp-json\/wp\/v2\/product_tag?post=4158"}],"curies":[{"name":"wp","href":"https:\/\/api.w.org\/{rel}","templated":true}]}}