{"id":4155,"date":"2022-05-06T10:42:27","date_gmt":"2022-05-06T15:42:27","guid":{"rendered":"https:\/\/www.lunabilisim.com.tr\/en\/?post_type=product&#038;p=4155"},"modified":"2022-10-08T06:45:21","modified_gmt":"2022-10-08T11:45:21","slug":"rw-420-yumusak-kilif","status":"publish","type":"product","link":"https:\/\/www.lunabilisim.com.tr\/en\/urun\/rw-420-yumusak-kilif\/","title":{"rendered":"RW 420 Yumu\u015fak K\u0131l\u0131f"},"content":{"rendered":"","protected":false},"excerpt":{"rendered":"<p>Keep your RW 420 mobile printer clean and dry when used outdoors or in dusty conditions with this soft, weatherproof printer case.Jul.<\/p>\n<p>Compatible with:<br \/>\nRW 420 Mobile Printer<\/p>\n","protected":false},"featured_media":4156,"template":"","meta":{"inline_featured_image":false},"product_cat":[156],"product_tag":[],"class_list":{"0":"post-4155","1":"product","2":"type-product","3":"status-publish","4":"has-post-thumbnail","6":"product_cat-mobile-printer-cases-and-carrying-straps","7":"pa_marka-zebra","9":"first","10":"instock","11":"shipping-taxable","12":"product-type-simple"},"acf":[],"aioseo_notices":[],"_links":{"self":[{"href":"https:\/\/www.lunabilisim.com.tr\/en\/wp-json\/wp\/v2\/product\/4155","targetHints":{"allow":["GET"]}}],"collection":[{"href":"https:\/\/www.lunabilisim.com.tr\/en\/wp-json\/wp\/v2\/product"}],"about":[{"href":"https:\/\/www.lunabilisim.com.tr\/en\/wp-json\/wp\/v2\/types\/product"}],"wp:featuredmedia":[{"embeddable":true,"href":"https:\/\/www.lunabilisim.com.tr\/en\/wp-json\/wp\/v2\/media\/4156"}],"wp:attachment":[{"href":"https:\/\/www.lunabilisim.com.tr\/en\/wp-json\/wp\/v2\/media?parent=4155"}],"wp:term":[{"taxonomy":"product_cat","embeddable":true,"href":"https:\/\/www.lunabilisim.com.tr\/en\/wp-json\/wp\/v2\/product_cat?post=4155"},{"taxonomy":"product_tag","embeddable":true,"href":"https:\/\/www.lunabilisim.com.tr\/en\/wp-json\/wp\/v2\/product_tag?post=4155"}],"curies":[{"name":"wp","href":"https:\/\/api.w.org\/{rel}","templated":true}]}}