{"id":4135,"date":"2022-05-06T10:30:23","date_gmt":"2022-05-06T15:30:23","guid":{"rendered":"https:\/\/www.lunabilisim.com.tr\/en\/?post_type=product&#038;p=4135"},"modified":"2022-10-08T07:11:08","modified_gmt":"2022-10-08T12:11:08","slug":"zd400-ve-zd600-serisi-tasima-cantasi","status":"publish","type":"product","link":"https:\/\/www.lunabilisim.com.tr\/en\/urun\/zd400-ve-zd600-serisi-tasima-cantasi\/","title":{"rendered":"ZD400 ve ZD600 Serisi Ta\u015f\u0131ma \u00c7antas\u0131"},"content":{"rendered":"","protected":false},"excerpt":{"rendered":"<p>The carrying case accessory offers another way to easily get your desktop printer to the point of application, whether it&#8217;s in the middle of an agricultural area or a retail floor.<\/p>\n<p>Compatible with:<br \/>\nZD420, ZD421, ZD620, ZD621<\/p>\n","protected":false},"featured_media":4136,"template":"","meta":{"inline_featured_image":false},"product_cat":[156],"product_tag":[],"class_list":{"0":"post-4135","1":"product","2":"type-product","3":"status-publish","4":"has-post-thumbnail","6":"product_cat-mobile-printer-cases-and-carrying-straps","7":"pa_marka-zebra","9":"first","10":"instock","11":"shipping-taxable","12":"product-type-simple"},"acf":[],"aioseo_notices":[],"_links":{"self":[{"href":"https:\/\/www.lunabilisim.com.tr\/en\/wp-json\/wp\/v2\/product\/4135","targetHints":{"allow":["GET"]}}],"collection":[{"href":"https:\/\/www.lunabilisim.com.tr\/en\/wp-json\/wp\/v2\/product"}],"about":[{"href":"https:\/\/www.lunabilisim.com.tr\/en\/wp-json\/wp\/v2\/types\/product"}],"wp:featuredmedia":[{"embeddable":true,"href":"https:\/\/www.lunabilisim.com.tr\/en\/wp-json\/wp\/v2\/media\/4136"}],"wp:attachment":[{"href":"https:\/\/www.lunabilisim.com.tr\/en\/wp-json\/wp\/v2\/media?parent=4135"}],"wp:term":[{"taxonomy":"product_cat","embeddable":true,"href":"https:\/\/www.lunabilisim.com.tr\/en\/wp-json\/wp\/v2\/product_cat?post=4135"},{"taxonomy":"product_tag","embeddable":true,"href":"https:\/\/www.lunabilisim.com.tr\/en\/wp-json\/wp\/v2\/product_tag?post=4135"}],"curies":[{"name":"wp","href":"https:\/\/api.w.org\/{rel}","templated":true}]}}