{"id":3984,"date":"2022-04-30T07:30:37","date_gmt":"2022-04-30T12:30:37","guid":{"rendered":"https:\/\/www.lunabilisim.com.tr\/en\/?post_type=product&#038;p=3984"},"modified":"2022-08-11T09:47:52","modified_gmt":"2022-08-11T14:47:52","slug":"ds3600-hp","status":"publish","type":"product","link":"https:\/\/www.lunabilisim.com.tr\/en\/urun\/ds3600-hp\/","title":{"rendered":"DS3600-HP"},"content":{"rendered":"<p>http:\/\/lunabilisim.com.tr\/Documents\/ds36x8-hp-spec-sheet-tr-tr.pdf<\/p>\n","protected":false},"excerpt":{"rendered":"<p><strong>\u00dcst\u00fcn Veri Yakalama \u0130\u00e7in Durdurulamaz Performans<\/strong><\/p>\n<p>\u00dcst\u00fcn barkod okuma performans\u0131, esnek bilgi yakalama \u00f6zelli\u011fi, ultra dayan\u0131kl\u0131 tasar\u0131m ve benzersiz y\u00f6netilebilirlik \u00f6zelli\u011fine ek olarak, \u00e7ok say\u0131da barkod i\u00e7eren bir etiketteki t\u00fcm barkodlar\u0131 veya belirli barkodlar\u0131 ayn\u0131 anda yakalamak i\u00e7in \u00f6zel bir mod; eldeki toplama listelerindeki barkodlar\u0131n ilk seferinde do\u011fru \u015fekilde yakalanmas\u0131 i\u00e7in bir hedef deseni; \u00e7al\u0131\u015fanlar\u0131n ba\u015far\u0131l\u0131 taramalar\u0131 g\u00f6rmeleri, i\u015fitmeleri veya hissetmeleri i\u00e7in kombinasyonlu geribildirim modlar\u0131; dondurucu kullan\u0131m\u0131 i\u00e7in bir a\u015f\u0131r\u0131 s\u0131cakl\u0131k modu ve \u00e7ok daha fazlas\u0131 gibi bu barkod okuyucunun \u00e7al\u0131\u015fanlar\u0131n\u0131z taraf\u0131ndan kullan\u0131lmas\u0131n\u0131 her zamankinden daha kolay k\u0131lan pek \u00e7ok \u00f6zellik elde edersiniz.<\/p>\n","protected":false},"featured_media":3988,"template":"","meta":{"inline_featured_image":false},"product_cat":[126],"product_tag":[],"class_list":{"0":"post-3984","1":"product","2":"type-product","3":"status-publish","4":"has-post-thumbnail","6":"product_cat-ultra-dayanikli-barkod-okuyucular","7":"pa_marka-zebra","9":"first","10":"instock","11":"shipping-taxable","12":"product-type-simple"},"acf":[],"aioseo_notices":[],"_links":{"self":[{"href":"https:\/\/www.lunabilisim.com.tr\/en\/wp-json\/wp\/v2\/product\/3984","targetHints":{"allow":["GET"]}}],"collection":[{"href":"https:\/\/www.lunabilisim.com.tr\/en\/wp-json\/wp\/v2\/product"}],"about":[{"href":"https:\/\/www.lunabilisim.com.tr\/en\/wp-json\/wp\/v2\/types\/product"}],"wp:featuredmedia":[{"embeddable":true,"href":"https:\/\/www.lunabilisim.com.tr\/en\/wp-json\/wp\/v2\/media\/3988"}],"wp:attachment":[{"href":"https:\/\/www.lunabilisim.com.tr\/en\/wp-json\/wp\/v2\/media?parent=3984"}],"wp:term":[{"taxonomy":"product_cat","embeddable":true,"href":"https:\/\/www.lunabilisim.com.tr\/en\/wp-json\/wp\/v2\/product_cat?post=3984"},{"taxonomy":"product_tag","embeddable":true,"href":"https:\/\/www.lunabilisim.com.tr\/en\/wp-json\/wp\/v2\/product_tag?post=3984"}],"curies":[{"name":"wp","href":"https:\/\/api.w.org\/{rel}","templated":true}]}}