{"id":3914,"date":"2022-04-30T05:48:42","date_gmt":"2022-04-30T10:48:42","guid":{"rendered":"https:\/\/www.lunabilisim.com.tr\/en\/?post_type=product&#038;p=3914"},"modified":"2022-09-30T10:44:34","modified_gmt":"2022-09-30T15:44:34","slug":"hh660-alan-goruntuleme-barkod-okuyucu","status":"publish","type":"product","link":"https:\/\/www.lunabilisim.com.tr\/en\/urun\/hh660-alan-goruntuleme-barkod-okuyucu\/","title":{"rendered":"HH660 Alan G\u00f6r\u00fcnt\u00fcleme  Barkod Okuyucu"},"content":{"rendered":"<p>http:\/\/lunabilisim.com.tr\/Documents\/sps-ppr-hh660-handheld-barcode-scanner-data-sheet-en-a4.pdf<\/p>\n","protected":false},"excerpt":{"rendered":"<p>Across many industries, 2D bar coding is becoming the new standard. Not only is it possible to hold much more data in a 2D code, but government regulations and supplier mandates are requiring their adoption. Enterprises are also looking to leverage emerging trends that require area-imaging technology\u2014today or in the near future\u2014without the need to purchase additional scanning hardware, or settle for reduced scanning performance.<\/p>\n<p>\u2022 Reliable Data Collection: Offers omnidirectional reading of virtually all linear bar codes and the most widely used 2D bar codes, including poor quality and mobile bar codes.<\/p>\n<p>\u2022 Customized Platform: HH660 is a customized variant of the popular 1450g scanner, but features a decode algorithm and enhanced-resolution scanner.<\/p>\n<p>\u2022 Future Proof: Delivers affordable scanning of 2D bar codes, allowing enterprises to meet their current and future bar code scanning needs with a single device.<\/p>\n<p>\u2022 Mobile Phone Reading: Scans coupons, mobile tickets and digital wallets from the screens of mobile devices.<\/p>\n","protected":false},"featured_media":3915,"template":"","meta":{"inline_featured_image":false},"product_cat":[46],"product_tag":[],"class_list":{"0":"post-3914","1":"product","2":"type-product","3":"status-publish","4":"has-post-thumbnail","6":"product_cat-el-tipi-barkod-okuyucu","7":"pa_marka-honeywell","9":"first","10":"instock","11":"shipping-taxable","12":"product-type-simple"},"acf":[],"aioseo_notices":[],"_links":{"self":[{"href":"https:\/\/www.lunabilisim.com.tr\/en\/wp-json\/wp\/v2\/product\/3914","targetHints":{"allow":["GET"]}}],"collection":[{"href":"https:\/\/www.lunabilisim.com.tr\/en\/wp-json\/wp\/v2\/product"}],"about":[{"href":"https:\/\/www.lunabilisim.com.tr\/en\/wp-json\/wp\/v2\/types\/product"}],"wp:featuredmedia":[{"embeddable":true,"href":"https:\/\/www.lunabilisim.com.tr\/en\/wp-json\/wp\/v2\/media\/3915"}],"wp:attachment":[{"href":"https:\/\/www.lunabilisim.com.tr\/en\/wp-json\/wp\/v2\/media?parent=3914"}],"wp:term":[{"taxonomy":"product_cat","embeddable":true,"href":"https:\/\/www.lunabilisim.com.tr\/en\/wp-json\/wp\/v2\/product_cat?post=3914"},{"taxonomy":"product_tag","embeddable":true,"href":"https:\/\/www.lunabilisim.com.tr\/en\/wp-json\/wp\/v2\/product_tag?post=3914"}],"curies":[{"name":"wp","href":"https:\/\/api.w.org\/{rel}","templated":true}]}}