{"id":3838,"date":"2022-04-30T03:14:05","date_gmt":"2022-04-30T08:14:05","guid":{"rendered":"https:\/\/www.lunabilisim.com.tr\/en\/?post_type=product&#038;p=3838"},"modified":"2022-08-12T05:02:10","modified_gmt":"2022-08-12T10:02:10","slug":"zq310-zq320-mobil-fis-yazici","status":"publish","type":"product","link":"https:\/\/www.lunabilisim.com.tr\/en\/urun\/zq310-zq320-mobil-fis-yazici\/","title":{"rendered":"ZQ310\/ZQ320 Mobil Fi\u015f Yaz\u0131c\u0131"},"content":{"rendered":"","protected":false},"excerpt":{"rendered":"<div class=\"description woocommerce-product-details__short-description\">\n<p><strong>D\u00f6rt Duvar D\u0131\u015f\u0131ndaki Uygulamalar\u0131n\u0131z \u0130\u00e7in<\/strong><\/p>\n<p>Saha \u00e7al\u0131\u015fanlar\u0131n\u0131z, fi\u015fleri elle yazmaya harcad\u0131klar\u0131 zaman\u0131 daha fazla m\u00fc\u015fteri ziyareti yapmak ve m\u00fc\u015fterilerinize daha iyi hizmet etmek i\u00e7in kullanabilirler. 2 in\u00e7 ZQ310 ve 3 in\u00e7 ZQ320 d\u0131\u015f mekan modeli ile, hava ko\u015fullar\u0131na dayan\u0131kl\u0131, neredeyse t\u00fcm ortam ko\u015fullar\u0131nda y\u00fcksek kaliteli fi\u015fler \u00fcreten, en uzun vardiya boyunca garantili g\u00fcce sahip, k\u00fc\u00e7\u00fck bir mobil yaz\u0131c\u0131n\u0131n yan\u0131 s\u0131ra, kullan\u0131\u015fl\u0131 bir uzaktan y\u00f6netim \u00e7\u00f6z\u00fcm\u00fc elde edersiniz, hem de b\u00fct\u00e7enizi sarsmayacak fiyata.<\/p>\n<\/div>\n","protected":false},"featured_media":3839,"template":"","meta":{"inline_featured_image":false},"product_cat":[91],"product_tag":[],"class_list":{"0":"post-3838","1":"product","2":"type-product","3":"status-publish","4":"has-post-thumbnail","6":"product_cat-mobile-printers","7":"pa_marka-zebra","9":"first","10":"instock","11":"shipping-taxable","12":"product-type-simple"},"acf":[],"aioseo_notices":[],"_links":{"self":[{"href":"https:\/\/www.lunabilisim.com.tr\/en\/wp-json\/wp\/v2\/product\/3838","targetHints":{"allow":["GET"]}}],"collection":[{"href":"https:\/\/www.lunabilisim.com.tr\/en\/wp-json\/wp\/v2\/product"}],"about":[{"href":"https:\/\/www.lunabilisim.com.tr\/en\/wp-json\/wp\/v2\/types\/product"}],"wp:featuredmedia":[{"embeddable":true,"href":"https:\/\/www.lunabilisim.com.tr\/en\/wp-json\/wp\/v2\/media\/3839"}],"wp:attachment":[{"href":"https:\/\/www.lunabilisim.com.tr\/en\/wp-json\/wp\/v2\/media?parent=3838"}],"wp:term":[{"taxonomy":"product_cat","embeddable":true,"href":"https:\/\/www.lunabilisim.com.tr\/en\/wp-json\/wp\/v2\/product_cat?post=3838"},{"taxonomy":"product_tag","embeddable":true,"href":"https:\/\/www.lunabilisim.com.tr\/en\/wp-json\/wp\/v2\/product_tag?post=3838"}],"curies":[{"name":"wp","href":"https:\/\/api.w.org\/{rel}","templated":true}]}}