{"id":3835,"date":"2022-04-30T03:09:39","date_gmt":"2022-04-30T08:09:39","guid":{"rendered":"https:\/\/www.lunabilisim.com.tr\/en\/?post_type=product&#038;p=3835"},"modified":"2022-08-12T05:01:29","modified_gmt":"2022-08-12T10:01:29","slug":"zq310-zq320-mobil-etiket-ve-fis-yazicilar","status":"publish","type":"product","link":"https:\/\/www.lunabilisim.com.tr\/en\/urun\/zq310-zq320-mobil-etiket-ve-fis-yazicilar\/","title":{"rendered":"ZQ310\/ZQ320 Mobil Etiket ve Fi\u015f Yaz\u0131c\u0131lar"},"content":{"rendered":"","protected":false},"excerpt":{"rendered":"<div class=\"description woocommerce-product-details__short-description\">\n<p><strong>D\u00f6rt Duvar \u0130\u00e7indeki Uygulamalar\u0131n\u0131z \u0130\u00e7in<\/strong><\/p>\n<p>Perakende sat\u0131\u015f ma\u011fazan\u0131zdaki mobil bask\u0131 \u00f6zelliklerinin m\u00fc\u015fteri hizmetleri kalitesi ve \u00e7al\u0131\u015fan verimlili\u011fi \u00fczerinde do\u011frudan etkisi vard\u0131r. 2 in\u00e7 ZQ310 ve 3 in\u00e7 ZQ320 i\u00e7 mekan modelleri, \u00e7al\u0131\u015fanlar\u0131n\u0131z\u0131n ma\u011fazan\u0131n her yerinde fi\u015f bask\u0131s\u0131 yaparak vazge\u00e7ilen sat\u0131\u015flar\u0131 \u00f6nlemelerini, m\u00fc\u015fteri deneyimini iyile\u015ftirmelerini ve gelirleri artt\u0131rmalar\u0131n\u0131 sa\u011flar. Ve yerinde fi\u015f bask\u0131s\u0131yla, \u00e7al\u0131\u015fanlar, fiyat art\u0131\u015flar\u0131n\u0131, indirimleri, raf etiketi denetimlerini daha h\u0131zl\u0131 tamamlayarak maliyetli fiyat hatalar\u0131n\u0131 \u00f6nleyebilir.<\/p>\n<\/div>\n","protected":false},"featured_media":3836,"template":"","meta":{"inline_featured_image":false},"product_cat":[91],"product_tag":[],"class_list":{"0":"post-3835","1":"product","2":"type-product","3":"status-publish","4":"has-post-thumbnail","6":"product_cat-mobile-printers","7":"pa_marka-zebra","9":"first","10":"instock","11":"shipping-taxable","12":"product-type-simple"},"acf":[],"aioseo_notices":[],"_links":{"self":[{"href":"https:\/\/www.lunabilisim.com.tr\/en\/wp-json\/wp\/v2\/product\/3835","targetHints":{"allow":["GET"]}}],"collection":[{"href":"https:\/\/www.lunabilisim.com.tr\/en\/wp-json\/wp\/v2\/product"}],"about":[{"href":"https:\/\/www.lunabilisim.com.tr\/en\/wp-json\/wp\/v2\/types\/product"}],"wp:featuredmedia":[{"embeddable":true,"href":"https:\/\/www.lunabilisim.com.tr\/en\/wp-json\/wp\/v2\/media\/3836"}],"wp:attachment":[{"href":"https:\/\/www.lunabilisim.com.tr\/en\/wp-json\/wp\/v2\/media?parent=3835"}],"wp:term":[{"taxonomy":"product_cat","embeddable":true,"href":"https:\/\/www.lunabilisim.com.tr\/en\/wp-json\/wp\/v2\/product_cat?post=3835"},{"taxonomy":"product_tag","embeddable":true,"href":"https:\/\/www.lunabilisim.com.tr\/en\/wp-json\/wp\/v2\/product_tag?post=3835"}],"curies":[{"name":"wp","href":"https:\/\/api.w.org\/{rel}","templated":true}]}}