{"id":3821,"date":"2022-04-30T02:41:20","date_gmt":"2022-04-30T07:41:20","guid":{"rendered":"https:\/\/www.lunabilisim.com.tr\/en\/?post_type=product&#038;p=3821"},"modified":"2022-08-12T05:03:09","modified_gmt":"2022-08-12T10:03:09","slug":"zq610-mobil-yazici","status":"publish","type":"product","link":"https:\/\/www.lunabilisim.com.tr\/en\/urun\/zq610-mobil-yazici\/","title":{"rendered":"ZQ610 Mobil Yaz\u0131c\u0131"},"content":{"rendered":"","protected":false},"excerpt":{"rendered":"<div class=\"description woocommerce-product-details__short-description\">\n<p><strong>Birinci S\u0131n\u0131f Mobil Etiket ve 2 \u0130n\u00e7 Fi\u015f Yaz\u0131c\u0131<\/strong><\/p>\n<p>ZQ610 mobil yaz\u0131c\u0131 ile ma\u011fazan\u0131zdaki envanter y\u00f6netimi ve m\u00fc\u015fteri hizmetlerini geli\u015ftirin. \u0130leri teknoloji, yenilik\u00e7i tasar\u0131m, geni\u015f renkli ekran, h\u0131zl\u0131 uyand\u0131rma \u00f6zelli\u011fi i\u00e7eren \u00fcst\u00fcn pil y\u00f6netimi ve h\u0131zl\u0131 802.11ac ile Bluetooth kablosuz ba\u011flant\u0131 \u00f6zelliklerine sahip ZQ610, personel verimlili\u011fini art\u0131r\u0131r.<\/p>\n<\/div>\n","protected":false},"featured_media":3822,"template":"","meta":{"inline_featured_image":false},"product_cat":[91],"product_tag":[],"class_list":{"0":"post-3821","1":"product","2":"type-product","3":"status-publish","4":"has-post-thumbnail","6":"product_cat-mobile-printers","7":"pa_marka-zebra","9":"first","10":"instock","11":"shipping-taxable","12":"product-type-simple"},"acf":[],"aioseo_notices":[],"_links":{"self":[{"href":"https:\/\/www.lunabilisim.com.tr\/en\/wp-json\/wp\/v2\/product\/3821","targetHints":{"allow":["GET"]}}],"collection":[{"href":"https:\/\/www.lunabilisim.com.tr\/en\/wp-json\/wp\/v2\/product"}],"about":[{"href":"https:\/\/www.lunabilisim.com.tr\/en\/wp-json\/wp\/v2\/types\/product"}],"wp:featuredmedia":[{"embeddable":true,"href":"https:\/\/www.lunabilisim.com.tr\/en\/wp-json\/wp\/v2\/media\/3822"}],"wp:attachment":[{"href":"https:\/\/www.lunabilisim.com.tr\/en\/wp-json\/wp\/v2\/media?parent=3821"}],"wp:term":[{"taxonomy":"product_cat","embeddable":true,"href":"https:\/\/www.lunabilisim.com.tr\/en\/wp-json\/wp\/v2\/product_cat?post=3821"},{"taxonomy":"product_tag","embeddable":true,"href":"https:\/\/www.lunabilisim.com.tr\/en\/wp-json\/wp\/v2\/product_tag?post=3821"}],"curies":[{"name":"wp","href":"https:\/\/api.w.org\/{rel}","templated":true}]}}