{"id":3809,"date":"2022-04-30T02:12:24","date_gmt":"2022-04-30T07:12:24","guid":{"rendered":"https:\/\/www.lunabilisim.com.tr\/en\/?post_type=product&#038;p=3809"},"modified":"2022-08-12T04:02:00","modified_gmt":"2022-08-12T09:02:00","slug":"ggt800-gelismis-masaustu-yazici","status":"publish","type":"product","link":"https:\/\/www.lunabilisim.com.tr\/en\/urun\/ggt800-gelismis-masaustu-yazici\/","title":{"rendered":"GGT800* Geli\u015fmi\u015f Masa\u00fcst\u00fc Yaz\u0131c\u0131"},"content":{"rendered":"<p>http:\/\/lunabilisim.com.tr\/Documents\/gt800-tech-specs-en-us.pdf<\/p>\n","protected":false},"excerpt":{"rendered":"<p>D\u00fc\u015f\u00fck fiyata geli\u015fmi\u015f performans ve g\u00fcvenilirlik sunan GT800 direkt-termal\/termal transfer masa\u00fcst\u00fc yaz\u0131c\u0131, \u00e7e\u015fitli \u00f6zellikleri ile d\u00fc\u015f\u00fck ve orta hacimli \u00e7e\u015fitli bask\u0131 uygulamalar\u0131na uygundur. Fazladan esneklik ve yaz\u0131c\u0131 hizmet s\u00fcresi i\u00e7in 300 metrelik bir ribbonla kullan\u0131labilen GT800&#8217;\u00fcn ayn\u0131 zamanda y\u00fcksek \u00e7\u00f6z\u00fcn\u00fcrl\u00fckl\u00fc \u00e7\u0131kt\u0131 gerektiren uygulamalar i\u00e7in 300 dpi modeli de mevcuttur.<\/p>\n<p>&nbsp;<\/p>\n","protected":false},"featured_media":3810,"template":"","meta":{"inline_featured_image":false},"product_cat":[90],"product_tag":[],"class_list":{"0":"post-3809","1":"product","2":"type-product","3":"status-publish","4":"has-post-thumbnail","6":"product_cat-desktop-printers","7":"pa_marka-zebra","9":"first","10":"instock","11":"shipping-taxable","12":"product-type-simple"},"acf":[],"aioseo_notices":[],"_links":{"self":[{"href":"https:\/\/www.lunabilisim.com.tr\/en\/wp-json\/wp\/v2\/product\/3809","targetHints":{"allow":["GET"]}}],"collection":[{"href":"https:\/\/www.lunabilisim.com.tr\/en\/wp-json\/wp\/v2\/product"}],"about":[{"href":"https:\/\/www.lunabilisim.com.tr\/en\/wp-json\/wp\/v2\/types\/product"}],"wp:featuredmedia":[{"embeddable":true,"href":"https:\/\/www.lunabilisim.com.tr\/en\/wp-json\/wp\/v2\/media\/3810"}],"wp:attachment":[{"href":"https:\/\/www.lunabilisim.com.tr\/en\/wp-json\/wp\/v2\/media?parent=3809"}],"wp:term":[{"taxonomy":"product_cat","embeddable":true,"href":"https:\/\/www.lunabilisim.com.tr\/en\/wp-json\/wp\/v2\/product_cat?post=3809"},{"taxonomy":"product_tag","embeddable":true,"href":"https:\/\/www.lunabilisim.com.tr\/en\/wp-json\/wp\/v2\/product_tag?post=3809"}],"curies":[{"name":"wp","href":"https:\/\/api.w.org\/{rel}","templated":true}]}}