{"id":3807,"date":"2022-04-30T02:09:37","date_gmt":"2022-04-30T07:09:37","guid":{"rendered":"https:\/\/www.lunabilisim.com.tr\/en\/?post_type=product&#038;p=3807"},"modified":"2022-08-12T04:03:01","modified_gmt":"2022-08-12T09:03:01","slug":"gk420d-t-saglik-sektoru-masaustu-yazici","status":"publish","type":"product","link":"https:\/\/www.lunabilisim.com.tr\/en\/urun\/gk420d-t-saglik-sektoru-masaustu-yazici\/","title":{"rendered":"GK420d\/t Sa\u011fl\u0131k Sekt\u00f6r\u00fc Masa\u00fcst\u00fc Yaz\u0131c\u0131"},"content":{"rendered":"<p>http:\/\/lunabilisim.com.tr\/Documents\/gk420-healthcare-datasheet-en-us.pdf<\/p>\n","protected":false},"excerpt":{"rendered":"<p>Sa\u011fl\u0131k sekt\u00f6r\u00fc ortamlar\u0131nda y\u0131llarca hi\u00e7bir \u015fey kaybetmemek \u00fczere tasarlanan Zebra\u2019n\u0131n GK420 Sa\u011fl\u0131k Sekt\u00f6r\u00fc yaz\u0131c\u0131lar\u0131, sa\u011fl\u0131k sekt\u00f6r\u00fcne \u00f6zg\u00fc konstr\u00fcksiyon ve elektrik sertifikasyonlar\u0131nda yenilikler sunmaktad\u0131r. Gerek direkt termal gerekse termal transfer modellere sahip GK420 ile, sa\u011fl\u0131k \u00e7al\u0131\u015fanlar\u0131 bir sa\u011fl\u0131k kurulu\u015funun her yerinde hemen her uygulama i\u00e7in etiket ve bileklik yazd\u0131rabilir.<\/p>\n<p>*yaln\u0131zca Kuzey Amerika, Avrupa ve Orta Do\u011fu&#8217;da mevcuttur<\/p>\n","protected":false},"featured_media":3808,"template":"","meta":{"inline_featured_image":false},"product_cat":[90],"product_tag":[],"class_list":{"0":"post-3807","1":"product","2":"type-product","3":"status-publish","4":"has-post-thumbnail","6":"product_cat-desktop-printers","7":"pa_marka-zebra","9":"first","10":"instock","11":"shipping-taxable","12":"product-type-simple"},"acf":[],"aioseo_notices":[],"_links":{"self":[{"href":"https:\/\/www.lunabilisim.com.tr\/en\/wp-json\/wp\/v2\/product\/3807","targetHints":{"allow":["GET"]}}],"collection":[{"href":"https:\/\/www.lunabilisim.com.tr\/en\/wp-json\/wp\/v2\/product"}],"about":[{"href":"https:\/\/www.lunabilisim.com.tr\/en\/wp-json\/wp\/v2\/types\/product"}],"wp:featuredmedia":[{"embeddable":true,"href":"https:\/\/www.lunabilisim.com.tr\/en\/wp-json\/wp\/v2\/media\/3808"}],"wp:attachment":[{"href":"https:\/\/www.lunabilisim.com.tr\/en\/wp-json\/wp\/v2\/media?parent=3807"}],"wp:term":[{"taxonomy":"product_cat","embeddable":true,"href":"https:\/\/www.lunabilisim.com.tr\/en\/wp-json\/wp\/v2\/product_cat?post=3807"},{"taxonomy":"product_tag","embeddable":true,"href":"https:\/\/www.lunabilisim.com.tr\/en\/wp-json\/wp\/v2\/product_tag?post=3807"}],"curies":[{"name":"wp","href":"https:\/\/api.w.org\/{rel}","templated":true}]}}