{"id":3801,"date":"2022-04-30T01:59:30","date_gmt":"2022-04-30T06:59:30","guid":{"rendered":"https:\/\/www.lunabilisim.com.tr\/en\/?post_type=product&#038;p=3801"},"modified":"2022-08-12T04:03:50","modified_gmt":"2022-08-12T09:03:50","slug":"gx430t-yuksek-cozunurluklu-termal-transfer-masaustu-yazici","status":"publish","type":"product","link":"https:\/\/www.lunabilisim.com.tr\/en\/urun\/gx430t-yuksek-cozunurluklu-termal-transfer-masaustu-yazici\/","title":{"rendered":"GX430T Y\u00fcksek \u00c7\u00f6z\u00fcn\u00fcrl\u00fckl\u00fc Termal Transfer Masa\u00fcst\u00fc Yaz\u0131c\u0131"},"content":{"rendered":"<p>http:\/\/lunabilisim.com.tr\/Documents\/performance-printers-datasheet-en-us.pdf<\/p>\n","protected":false},"excerpt":{"rendered":"<p>Metin ve grafikler i\u00e7eren k\u00fc\u00e7\u00fck etiketlerin bas\u0131m\u0131 i\u00e7in ideal olan, y\u00fcksek \u00e7\u00f6z\u00fcn\u00fcrl\u00fckl\u00fc Zebra GX430t, ola\u011fan\u00fcst\u00fc kalitede y\u00fcksek bask\u0131 h\u0131zlar\u0131 sunar.<\/p>\n","protected":false},"featured_media":3799,"template":"","meta":{"inline_featured_image":false},"product_cat":[90],"product_tag":[],"class_list":{"0":"post-3801","1":"product","2":"type-product","3":"status-publish","4":"has-post-thumbnail","6":"product_cat-desktop-printers","7":"pa_marka-zebra","9":"first","10":"instock","11":"shipping-taxable","12":"product-type-simple"},"acf":[],"aioseo_notices":[],"_links":{"self":[{"href":"https:\/\/www.lunabilisim.com.tr\/en\/wp-json\/wp\/v2\/product\/3801","targetHints":{"allow":["GET"]}}],"collection":[{"href":"https:\/\/www.lunabilisim.com.tr\/en\/wp-json\/wp\/v2\/product"}],"about":[{"href":"https:\/\/www.lunabilisim.com.tr\/en\/wp-json\/wp\/v2\/types\/product"}],"wp:featuredmedia":[{"embeddable":true,"href":"https:\/\/www.lunabilisim.com.tr\/en\/wp-json\/wp\/v2\/media\/3799"}],"wp:attachment":[{"href":"https:\/\/www.lunabilisim.com.tr\/en\/wp-json\/wp\/v2\/media?parent=3801"}],"wp:term":[{"taxonomy":"product_cat","embeddable":true,"href":"https:\/\/www.lunabilisim.com.tr\/en\/wp-json\/wp\/v2\/product_cat?post=3801"},{"taxonomy":"product_tag","embeddable":true,"href":"https:\/\/www.lunabilisim.com.tr\/en\/wp-json\/wp\/v2\/product_tag?post=3801"}],"curies":[{"name":"wp","href":"https:\/\/api.w.org\/{rel}","templated":true}]}}