{"id":3793,"date":"2022-04-30T01:48:03","date_gmt":"2022-04-30T06:48:03","guid":{"rendered":"https:\/\/www.lunabilisim.com.tr\/en\/?post_type=product&#038;p=3793"},"modified":"2022-08-12T04:07:43","modified_gmt":"2022-08-12T09:07:43","slug":"zd230-direkt-termal-termal-transfer-masaustu-yazici","status":"publish","type":"product","link":"https:\/\/www.lunabilisim.com.tr\/en\/urun\/zd230-direkt-termal-termal-transfer-masaustu-yazici\/","title":{"rendered":"ZD230 Direkt Termal \/ Termal Transfer Masa\u00fcst\u00fc Yaz\u0131c\u0131"},"content":{"rendered":"<p>http:\/\/lunabilisim.com.tr\/Documents\/zd230-spec-sheet-tr-tr.pdf<\/p>\n","protected":false},"excerpt":{"rendered":"<p><strong>Daha Fazlas\u0131na Sahip Olun: \u0130lave \u00d6zellikler, Kaliteli Konstr\u00fcksiyon ve Ola\u011fan\u00fcst\u00fc De\u011fer<\/strong><\/p>\n<p>Direkt termal ve termal transfer modelleri mevcut olan ZD230 masa\u00fcst\u00fc yaz\u0131c\u0131, ilave \u00f6zelliklere ve ekonomik fiyata g\u00fcvenilir operasyon sunan Zebra kalitesine sahiptir. 300 m ribbon rulosu alabilir, kablosuz ba\u011flant\u0131ya ve daha y\u00fcksek bask\u0131 h\u0131zlar\u0131na sahiptir, t\u00fcm\u00fc Zebra servis ve destek taraf\u0131ndan desteklenir. Zebra ile daha fazlas\u0131na sahip olun ve rekabet \u00fcst\u00fcnl\u00fc\u011f\u00fc kazan\u0131n.<\/p>\n","protected":false},"featured_media":3794,"template":"","meta":{"inline_featured_image":false},"product_cat":[90],"product_tag":[],"class_list":{"0":"post-3793","1":"product","2":"type-product","3":"status-publish","4":"has-post-thumbnail","6":"product_cat-desktop-printers","7":"pa_marka-zebra","9":"first","10":"instock","11":"shipping-taxable","12":"product-type-simple"},"acf":[],"aioseo_notices":[],"_links":{"self":[{"href":"https:\/\/www.lunabilisim.com.tr\/en\/wp-json\/wp\/v2\/product\/3793","targetHints":{"allow":["GET"]}}],"collection":[{"href":"https:\/\/www.lunabilisim.com.tr\/en\/wp-json\/wp\/v2\/product"}],"about":[{"href":"https:\/\/www.lunabilisim.com.tr\/en\/wp-json\/wp\/v2\/types\/product"}],"wp:featuredmedia":[{"embeddable":true,"href":"https:\/\/www.lunabilisim.com.tr\/en\/wp-json\/wp\/v2\/media\/3794"}],"wp:attachment":[{"href":"https:\/\/www.lunabilisim.com.tr\/en\/wp-json\/wp\/v2\/media?parent=3793"}],"wp:term":[{"taxonomy":"product_cat","embeddable":true,"href":"https:\/\/www.lunabilisim.com.tr\/en\/wp-json\/wp\/v2\/product_cat?post=3793"},{"taxonomy":"product_tag","embeddable":true,"href":"https:\/\/www.lunabilisim.com.tr\/en\/wp-json\/wp\/v2\/product_tag?post=3793"}],"curies":[{"name":"wp","href":"https:\/\/api.w.org\/{rel}","templated":true}]}}