{"id":3706,"date":"2022-04-27T10:53:39","date_gmt":"2022-04-27T15:53:39","guid":{"rendered":"https:\/\/www.lunabilisim.com.tr\/en\/?post_type=product&#038;p=3706"},"modified":"2022-08-30T09:52:21","modified_gmt":"2022-08-30T14:52:21","slug":"hd4000-kurumsal-kafaya-monte-ekran","status":"publish","type":"product","link":"https:\/\/www.lunabilisim.com.tr\/en\/urun\/hd4000-kurumsal-kafaya-monte-ekran\/","title":{"rendered":"HD4000 Kurumsal Kafaya Monte Ekran"},"content":{"rendered":"<p>http:\/\/lunabilisim.com.tr\/Documents\/hd4000-fact-sheet-a4-tr-tr.pdf<\/p>\n","protected":false},"excerpt":{"rendered":"<p><strong>Eller Serbest Y\u00f6nlendirilen \u0130\u015f Ak\u0131\u015flar\u0131 ile Personel Verimlili\u011fini Art\u0131r\u0131n<\/strong><\/p>\n<p>Personelin ihtiya\u00e7 duydu\u011fu bilgileri ger\u00e7ek zamanl\u0131 g\u00f6r\u00fc\u015f alan\u0131na aktararak, ellerinin serbest kalmas\u0131n\u0131 ve g\u00f6zlerinin i\u015fe odaklanmas\u0131n\u0131 sa\u011flay\u0131n.<\/p>\n","protected":false},"featured_media":3707,"template":"","meta":{"inline_featured_image":false},"product_cat":[59],"product_tag":[],"class_list":{"0":"post-3706","1":"product","2":"type-product","3":"status-publish","4":"has-post-thumbnail","6":"product_cat-wearable-barcode-readers","7":"pa_marka-zebra","9":"first","10":"instock","11":"shipping-taxable","12":"product-type-simple"},"acf":[],"aioseo_notices":[],"_links":{"self":[{"href":"https:\/\/www.lunabilisim.com.tr\/en\/wp-json\/wp\/v2\/product\/3706","targetHints":{"allow":["GET"]}}],"collection":[{"href":"https:\/\/www.lunabilisim.com.tr\/en\/wp-json\/wp\/v2\/product"}],"about":[{"href":"https:\/\/www.lunabilisim.com.tr\/en\/wp-json\/wp\/v2\/types\/product"}],"wp:featuredmedia":[{"embeddable":true,"href":"https:\/\/www.lunabilisim.com.tr\/en\/wp-json\/wp\/v2\/media\/3707"}],"wp:attachment":[{"href":"https:\/\/www.lunabilisim.com.tr\/en\/wp-json\/wp\/v2\/media?parent=3706"}],"wp:term":[{"taxonomy":"product_cat","embeddable":true,"href":"https:\/\/www.lunabilisim.com.tr\/en\/wp-json\/wp\/v2\/product_cat?post=3706"},{"taxonomy":"product_tag","embeddable":true,"href":"https:\/\/www.lunabilisim.com.tr\/en\/wp-json\/wp\/v2\/product_tag?post=3706"}],"curies":[{"name":"wp","href":"https:\/\/api.w.org\/{rel}","templated":true}]}}