{"id":3604,"date":"2022-04-26T11:47:59","date_gmt":"2022-04-26T16:47:59","guid":{"rendered":"https:\/\/www.lunabilisim.com.tr\/en\/?post_type=product&#038;p=3604"},"modified":"2022-08-30T10:27:04","modified_gmt":"2022-08-30T15:27:04","slug":"tc26dk-data-only-dokunmatik-bilgisayar","status":"publish","type":"product","link":"https:\/\/www.lunabilisim.com.tr\/en\/urun\/tc26dk-data-only-dokunmatik-bilgisayar\/","title":{"rendered":"TC26DK Data Only Dokunmatik Bilgisayar"},"content":{"rendered":"<p>http:\/\/lunabilisim.com.tr\/Documents\/tc21-tc26dk-spec-sheet-en-tr.pdf<\/p>\n","protected":false},"excerpt":{"rendered":"<p><strong>T\u00fcrkiye&#8217;ye \u00d6zel Data Only El Terminali<\/strong><\/p>\n<p>\u00c7al\u0131\u015fanlar\u0131n\u0131z i\u00e7in d\u00fc\u015f\u00fck maliyetli mobil cihazlar sat\u0131n almay\u0131 d\u00fc\u015f\u00fcn\u00fcyorsan\u0131z, TC26DK Data Only el terminaline ge\u00e7in.<\/p>\n","protected":false},"featured_media":3600,"template":"","meta":{"inline_featured_image":false},"product_cat":[78],"product_tag":[],"class_list":{"0":"post-3604","1":"product","2":"type-product","3":"status-publish","4":"has-post-thumbnail","6":"product_cat-handheld-computers","7":"pa_marka-zebra","9":"first","10":"instock","11":"shipping-taxable","12":"product-type-simple"},"acf":[],"aioseo_notices":[],"_links":{"self":[{"href":"https:\/\/www.lunabilisim.com.tr\/en\/wp-json\/wp\/v2\/product\/3604","targetHints":{"allow":["GET"]}}],"collection":[{"href":"https:\/\/www.lunabilisim.com.tr\/en\/wp-json\/wp\/v2\/product"}],"about":[{"href":"https:\/\/www.lunabilisim.com.tr\/en\/wp-json\/wp\/v2\/types\/product"}],"wp:featuredmedia":[{"embeddable":true,"href":"https:\/\/www.lunabilisim.com.tr\/en\/wp-json\/wp\/v2\/media\/3600"}],"wp:attachment":[{"href":"https:\/\/www.lunabilisim.com.tr\/en\/wp-json\/wp\/v2\/media?parent=3604"}],"wp:term":[{"taxonomy":"product_cat","embeddable":true,"href":"https:\/\/www.lunabilisim.com.tr\/en\/wp-json\/wp\/v2\/product_cat?post=3604"},{"taxonomy":"product_tag","embeddable":true,"href":"https:\/\/www.lunabilisim.com.tr\/en\/wp-json\/wp\/v2\/product_tag?post=3604"}],"curies":[{"name":"wp","href":"https:\/\/api.w.org\/{rel}","templated":true}]}}