{"id":3589,"date":"2022-04-26T11:14:17","date_gmt":"2022-04-26T16:14:17","guid":{"rendered":"https:\/\/www.lunabilisim.com.tr\/en\/?post_type=product&#038;p=3589"},"modified":"2022-08-11T05:55:13","modified_gmt":"2022-08-11T10:55:13","slug":"tc57x-tc57jo-1x-data-only-saglam-dokunmatik-bilgisayar","status":"publish","type":"product","link":"https:\/\/www.lunabilisim.com.tr\/en\/urun\/tc57x-tc57jo-1x-data-only-saglam-dokunmatik-bilgisayar\/","title":{"rendered":"TC57X (TC57JO-1X) Data Only Sa\u011flam Dokunmatik Bilgisayar"},"content":{"rendered":"<p>http:\/\/lunabilisim.com.tr\/Documents\/tc57jo-1x-spec-sheet-en-tr.pdf<\/p>\n","protected":false},"excerpt":{"rendered":"<p><strong>T\u00fcrkiye&#8217;ye \u00d6zel Data Only El Terminali<\/strong><\/p>\n<p>TC57X (TC57JO-1X) Data Only el terminalini se\u00e7ti\u011finizde, en \u00e7ok tercih edilen, sa\u011flam TC57 mobil bilgisayardan \u00e7ok daha fazlas\u0131n\u0131 al\u0131rs\u0131n\u0131z.<\/p>\n","protected":false},"featured_media":3584,"template":"","meta":{"inline_featured_image":false},"product_cat":[78],"product_tag":[],"class_list":{"0":"post-3589","1":"product","2":"type-product","3":"status-publish","4":"has-post-thumbnail","6":"product_cat-handheld-computers","7":"pa_marka-zebra","9":"first","10":"instock","11":"shipping-taxable","12":"product-type-simple"},"acf":[],"aioseo_notices":[],"_links":{"self":[{"href":"https:\/\/www.lunabilisim.com.tr\/en\/wp-json\/wp\/v2\/product\/3589","targetHints":{"allow":["GET"]}}],"collection":[{"href":"https:\/\/www.lunabilisim.com.tr\/en\/wp-json\/wp\/v2\/product"}],"about":[{"href":"https:\/\/www.lunabilisim.com.tr\/en\/wp-json\/wp\/v2\/types\/product"}],"wp:featuredmedia":[{"embeddable":true,"href":"https:\/\/www.lunabilisim.com.tr\/en\/wp-json\/wp\/v2\/media\/3584"}],"wp:attachment":[{"href":"https:\/\/www.lunabilisim.com.tr\/en\/wp-json\/wp\/v2\/media?parent=3589"}],"wp:term":[{"taxonomy":"product_cat","embeddable":true,"href":"https:\/\/www.lunabilisim.com.tr\/en\/wp-json\/wp\/v2\/product_cat?post=3589"},{"taxonomy":"product_tag","embeddable":true,"href":"https:\/\/www.lunabilisim.com.tr\/en\/wp-json\/wp\/v2\/product_tag?post=3589"}],"curies":[{"name":"wp","href":"https:\/\/api.w.org\/{rel}","templated":true}]}}