{"id":3585,"date":"2022-04-26T11:12:05","date_gmt":"2022-04-26T16:12:05","guid":{"rendered":"https:\/\/www.lunabilisim.com.tr\/en\/?post_type=product&#038;p=3585"},"modified":"2022-08-11T05:54:50","modified_gmt":"2022-08-11T10:54:50","slug":"tc57-dayanikli-mobil-bilgisayar","status":"publish","type":"product","link":"https:\/\/www.lunabilisim.com.tr\/en\/urun\/tc57-dayanikli-mobil-bilgisayar\/","title":{"rendered":"TC57 Dayan\u0131kl\u0131 Mobil Bilgisayar"},"content":{"rendered":"<p>http:\/\/lunabilisim.com.tr\/Documents\/tc52-tc57-spec-sheet-tr-tr.pdf<\/p>\n","protected":false},"excerpt":{"rendered":"<p><strong>En Geli\u015fmi\u015f D\u0131\u015f Mekan Sa\u011flam Kurumsal S\u0131n\u0131f Dokunmatik Bilgisayar<\/strong><\/p>\n<p>Sa\u011flam TC57 Android Mobil Bilgisayar, olduk\u00e7a ba\u015far\u0131l\u0131 olan TC56\u2019y\u0131 geli\u015ftirerek, d\u0131\u015f mek\u00e2nlarda en \u00fcst\u00fcn kurumsal s\u0131n\u0131f dokunmatik bilgisayar\u0131 sunan yeni bir platform ve yeni \u00f6zelliklere sahip. Personeliniz verimlili\u011fi en \u00fcst d\u00fczeye \u00e7\u0131karmak, personeli daha iyi desteklemek ve en iyi m\u00fc\u015fteri hizmetlerini sunmak i\u00e7in ihtiya\u00e7 duydu\u011fu t\u00fcm \u00f6zelliklere sahip olur. Tam h\u00fccresel a\u011f esnekli\u011fi d\u00fcnyan\u0131n her yerindeki personelinize en h\u0131zl\u0131 ba\u011flant\u0131lar\u0131 sunar. Ve cihaz y\u00f6netimi her zamankinden daha kolayd\u0131r.<\/p>\n","protected":false},"featured_media":3584,"template":"","meta":{"inline_featured_image":false},"product_cat":[78],"product_tag":[],"class_list":{"0":"post-3585","1":"product","2":"type-product","3":"status-publish","4":"has-post-thumbnail","6":"product_cat-handheld-computers","7":"pa_marka-zebra","9":"first","10":"instock","11":"shipping-taxable","12":"product-type-simple"},"acf":[],"aioseo_notices":[],"_links":{"self":[{"href":"https:\/\/www.lunabilisim.com.tr\/en\/wp-json\/wp\/v2\/product\/3585","targetHints":{"allow":["GET"]}}],"collection":[{"href":"https:\/\/www.lunabilisim.com.tr\/en\/wp-json\/wp\/v2\/product"}],"about":[{"href":"https:\/\/www.lunabilisim.com.tr\/en\/wp-json\/wp\/v2\/types\/product"}],"wp:featuredmedia":[{"embeddable":true,"href":"https:\/\/www.lunabilisim.com.tr\/en\/wp-json\/wp\/v2\/media\/3584"}],"wp:attachment":[{"href":"https:\/\/www.lunabilisim.com.tr\/en\/wp-json\/wp\/v2\/media?parent=3585"}],"wp:term":[{"taxonomy":"product_cat","embeddable":true,"href":"https:\/\/www.lunabilisim.com.tr\/en\/wp-json\/wp\/v2\/product_cat?post=3585"},{"taxonomy":"product_tag","embeddable":true,"href":"https:\/\/www.lunabilisim.com.tr\/en\/wp-json\/wp\/v2\/product_tag?post=3585"}],"curies":[{"name":"wp","href":"https:\/\/api.w.org\/{rel}","templated":true}]}}