{"id":3581,"date":"2022-04-26T11:08:07","date_gmt":"2022-04-26T16:08:07","guid":{"rendered":"https:\/\/www.lunabilisim.com.tr\/en\/?post_type=product&#038;p=3581"},"modified":"2022-08-11T05:55:37","modified_gmt":"2022-08-11T10:55:37","slug":"tc57x-mobil-bilgisayar","status":"publish","type":"product","link":"https:\/\/www.lunabilisim.com.tr\/en\/urun\/tc57x-mobil-bilgisayar\/","title":{"rendered":"TC57x Mobil Bilgisayar"},"content":{"rendered":"<p>http:\/\/lunabilisim.com.tr\/Documents\/tc52x-tc52ax-tc57x-spec-sheet-tr-tr.pdf<\/p>\n","protected":false},"excerpt":{"rendered":"<p><strong>Sahada Kullan\u0131m\u0131 i\u00e7in Geli\u015fmi\u015f Platforma Sahip Dayan\u0131kl\u0131 Mobil Bilgisayar<\/strong><\/p>\n<p>Daha geli\u015fmi\u015f Zebra \u00f6zelliklerine sahip dayan\u0131kl\u0131 TC57x Mobil Bilgisayar \u00e7ok farkl\u0131 bir kullan\u0131c\u0131 deneyimi sunuyor. Zebra&#8217;n\u0131n Mobility DNA ara\u00e7lar\u0131 ile kullan\u0131m\u0131 kolayla\u015ft\u0131r\u0131n ve d\u0131\u015f mekanda \u00e7al\u0131\u015fan personelin \u00fcretkenli\u011fini ve cihaz kontrol\u00fcn\u00fc art\u0131r\u0131n. Tam h\u00fccresel a\u011f esnekli\u011fi t\u00fcm \u00e7al\u0131\u015fanlara d\u00fcnyan\u0131n her yerinde g\u00fcvenilir h\u00fccresel a\u011f hizmeti sunar.<\/p>\n","protected":false},"featured_media":3579,"template":"","meta":{"inline_featured_image":false},"product_cat":[78],"product_tag":[],"class_list":{"0":"post-3581","1":"product","2":"type-product","3":"status-publish","4":"has-post-thumbnail","6":"product_cat-handheld-computers","7":"pa_marka-zebra","9":"first","10":"instock","11":"shipping-taxable","12":"product-type-simple"},"acf":[],"aioseo_notices":[],"_links":{"self":[{"href":"https:\/\/www.lunabilisim.com.tr\/en\/wp-json\/wp\/v2\/product\/3581","targetHints":{"allow":["GET"]}}],"collection":[{"href":"https:\/\/www.lunabilisim.com.tr\/en\/wp-json\/wp\/v2\/product"}],"about":[{"href":"https:\/\/www.lunabilisim.com.tr\/en\/wp-json\/wp\/v2\/types\/product"}],"wp:featuredmedia":[{"embeddable":true,"href":"https:\/\/www.lunabilisim.com.tr\/en\/wp-json\/wp\/v2\/media\/3579"}],"wp:attachment":[{"href":"https:\/\/www.lunabilisim.com.tr\/en\/wp-json\/wp\/v2\/media?parent=3581"}],"wp:term":[{"taxonomy":"product_cat","embeddable":true,"href":"https:\/\/www.lunabilisim.com.tr\/en\/wp-json\/wp\/v2\/product_cat?post=3581"},{"taxonomy":"product_tag","embeddable":true,"href":"https:\/\/www.lunabilisim.com.tr\/en\/wp-json\/wp\/v2\/product_tag?post=3581"}],"curies":[{"name":"wp","href":"https:\/\/api.w.org\/{rel}","templated":true}]}}