{"id":3558,"date":"2022-04-26T10:23:55","date_gmt":"2022-04-26T15:23:55","guid":{"rendered":"https:\/\/www.lunabilisim.com.tr\/en\/?post_type=product&#038;p=3558"},"modified":"2022-10-06T10:39:26","modified_gmt":"2022-10-06T15:39:26","slug":"et85-dayanikli-ikisi-birarada-tablet-2","status":"publish","type":"product","link":"https:\/\/www.lunabilisim.com.tr\/en\/urun\/et85-dayanikli-ikisi-birarada-tablet-2\/","title":{"rendered":"ET85 Dayan\u0131kl\u0131 \u0130kisi Birarada Tablet"},"content":{"rendered":"<p>http:\/\/lunabilisim.com.tr\/Documents\/et80-et85-specification-sheet-tr-tr.pdf<\/p>\n","protected":false},"excerpt":{"rendered":"<p><strong>TAKE IT ANYWHERE<\/strong><br \/>\nGo anywhere and perform in the most unforgiving environments to deliver exceptional value. Ideal for public safety and field service industries, the ET85 is designed for use inside a vehicle and on the go. Thin and lightweight, it\u2019s also rugged to withstand the inevitable drops that happen on the job. Dock and undock with ease. Work your way with a detachable rugged keyboard and touchscreen with an easy-to-see display that\u2019s viewable, even in bright sunlight. The touchscreen works when wet and with gloves. Rely on advanced wireless connectivity and ingenious battery technology to power your day, wherever your work takes you.<\/p>\n","protected":false},"featured_media":3559,"template":"","meta":{"inline_featured_image":false},"product_cat":[79,132],"product_tag":[],"class_list":{"0":"post-3558","1":"product","2":"type-product","3":"status-publish","4":"has-post-thumbnail","6":"product_cat-tablets","7":"product_cat-tablets-2","8":"pa_marka-zebra","10":"first","11":"instock","12":"shipping-taxable","13":"product-type-simple"},"acf":[],"aioseo_notices":[],"_links":{"self":[{"href":"https:\/\/www.lunabilisim.com.tr\/en\/wp-json\/wp\/v2\/product\/3558","targetHints":{"allow":["GET"]}}],"collection":[{"href":"https:\/\/www.lunabilisim.com.tr\/en\/wp-json\/wp\/v2\/product"}],"about":[{"href":"https:\/\/www.lunabilisim.com.tr\/en\/wp-json\/wp\/v2\/types\/product"}],"wp:featuredmedia":[{"embeddable":true,"href":"https:\/\/www.lunabilisim.com.tr\/en\/wp-json\/wp\/v2\/media\/3559"}],"wp:attachment":[{"href":"https:\/\/www.lunabilisim.com.tr\/en\/wp-json\/wp\/v2\/media?parent=3558"}],"wp:term":[{"taxonomy":"product_cat","embeddable":true,"href":"https:\/\/www.lunabilisim.com.tr\/en\/wp-json\/wp\/v2\/product_cat?post=3558"},{"taxonomy":"product_tag","embeddable":true,"href":"https:\/\/www.lunabilisim.com.tr\/en\/wp-json\/wp\/v2\/product_tag?post=3558"}],"curies":[{"name":"wp","href":"https:\/\/api.w.org\/{rel}","templated":true}]}}