{"id":3395,"date":"2022-04-23T05:56:12","date_gmt":"2022-04-23T10:56:12","guid":{"rendered":"https:\/\/www.lunabilisim.com.tr\/en\/?post_type=product&#038;p=3395"},"modified":"2022-10-04T10:26:20","modified_gmt":"2022-10-04T15:26:20","slug":"gorus-ici-hat-tarama","status":"publish","type":"product","link":"https:\/\/www.lunabilisim.com.tr\/en\/urun\/gorus-ici-hat-tarama\/","title":{"rendered":"G\u00f6r\u00fc\u015f \u0130\u00e7i Hat Tarama"},"content":{"rendered":"<p>http:\/\/lunabilisim.com.tr\/Documents\/Datasheet_IS9902L_EN.pdf<\/p>\n","protected":false},"excerpt":{"rendered":"<p><strong>In-Sight 9902L Serisi \u00d6zellikler<\/strong><br \/>\nIn-Sight 9902L 2K hat taramal\u0131 ak\u0131ll\u0131 kamera, b\u00fcy\u00fck, silindirik veya s\u00fcrekli hareket eden nesnelerin ayr\u0131nt\u0131l\u0131 incelemeleri i\u00e7in ideal, y\u00fcksek \u00e7\u00f6z\u00fcn\u00fcrl\u00fckl\u00fc ba\u011f\u0131ms\u0131z bir g\u00f6r\u00fcnt\u00fc sistemidir. 9902L, en k\u00fc\u00e7\u00fck \u00f6zellikleri ve kusurlar\u0131 bile tespit etmek i\u00e7in kullan\u0131labilen 32MP bir g\u00f6r\u00fcnt\u00fc \u00fcretmek i\u00e7in hat ba\u015f\u0131na 16.000 sat\u0131ra kadar 2.000 piksel elde eder. Her piksel hatt\u0131, en h\u0131zl\u0131 \u00fcretim hatlar\u0131na ayak uydurmak i\u00e7in saniyede 67.000 sat\u0131rda al\u0131n\u0131r. Bu ba\u011f\u0131ms\u0131z g\u00f6r\u00fc\u015f sistemi, hedef par\u00e7an\u0131n yaln\u0131zca k\u00fc\u00e7\u00fck bir g\u00f6r\u00fcn\u00fcm\u00fcn\u00fc gerektirir, bu da onu k\u0131s\u0131tl\u0131 g\u00f6r\u00fc\u015f alan\u0131 veya montaj alan\u0131 gereksinimleri olan kurulumlar i\u00e7in ideal bir se\u00e7im haline getirir.<\/p>\n","protected":false},"featured_media":3397,"template":"","meta":{"inline_featured_image":false},"product_cat":[167],"product_tag":[],"class_list":{"0":"post-3395","1":"product","2":"type-product","3":"status-publish","4":"has-post-thumbnail","6":"product_cat-cognex","7":"pa_marka-cognex","9":"first","10":"instock","11":"shipping-taxable","12":"product-type-simple"},"acf":[],"aioseo_notices":[],"_links":{"self":[{"href":"https:\/\/www.lunabilisim.com.tr\/en\/wp-json\/wp\/v2\/product\/3395","targetHints":{"allow":["GET"]}}],"collection":[{"href":"https:\/\/www.lunabilisim.com.tr\/en\/wp-json\/wp\/v2\/product"}],"about":[{"href":"https:\/\/www.lunabilisim.com.tr\/en\/wp-json\/wp\/v2\/types\/product"}],"wp:featuredmedia":[{"embeddable":true,"href":"https:\/\/www.lunabilisim.com.tr\/en\/wp-json\/wp\/v2\/media\/3397"}],"wp:attachment":[{"href":"https:\/\/www.lunabilisim.com.tr\/en\/wp-json\/wp\/v2\/media?parent=3395"}],"wp:term":[{"taxonomy":"product_cat","embeddable":true,"href":"https:\/\/www.lunabilisim.com.tr\/en\/wp-json\/wp\/v2\/product_cat?post=3395"},{"taxonomy":"product_tag","embeddable":true,"href":"https:\/\/www.lunabilisim.com.tr\/en\/wp-json\/wp\/v2\/product_tag?post=3395"}],"curies":[{"name":"wp","href":"https:\/\/api.w.org\/{rel}","templated":true}]}}