{"id":3369,"date":"2022-04-23T05:13:54","date_gmt":"2022-04-23T10:13:54","guid":{"rendered":"https:\/\/www.lunabilisim.com.tr\/en\/?post_type=product&#038;p=3369"},"modified":"2022-10-04T10:28:23","modified_gmt":"2022-10-04T15:28:23","slug":"in-sight-2000-mini-goruntu-sensorleri","status":"publish","type":"product","link":"https:\/\/www.lunabilisim.com.tr\/en\/urun\/in-sight-2000-mini-goruntu-sensorleri\/","title":{"rendered":"In-Sight 2000 Mini G\u00f6r\u00fcnt\u00fc Sens\u00f6rleri"},"content":{"rendered":"<p>http:\/\/lunabilisim.com.tr\/Documents\/19370.pdf<\/p>\n","protected":false},"excerpt":{"rendered":"<p>The\u202fcompact size of the\u202fCognex In-Sight 2000 Mini expands the number of potential application for vision sensors and allows users to deploy vision sensors into more areas of their operation. In-Sight 2000 Mini models are 68% smaller by volume than standard In-Sight 2000 vision sensors, so they can fit into tight spaces.\u202f\u202fIn-Sight 2000 Mini models\u202falso\u202fcome standard with a liquid lens autofocus module, enabling faster job changeovers and the ability to change focus when the sensor is mounted in inaccessible places. Key features include:<\/p>\n<p>\u00bb Ultra-compact integrated light module<br \/>\n\u00bb Autofocus powered by liquid lens technology<br \/>\n\u00bb 4 cross polarized and co-linear polarized LEDs<br \/>\n\u00bb Ideal for machines with limited mounting space<\/p>\n","protected":false},"featured_media":3370,"template":"","meta":{"inline_featured_image":false},"product_cat":[167],"product_tag":[],"class_list":{"0":"post-3369","1":"product","2":"type-product","3":"status-publish","4":"has-post-thumbnail","6":"product_cat-cognex","7":"pa_marka-cognex","9":"first","10":"instock","11":"shipping-taxable","12":"product-type-simple"},"acf":[],"aioseo_notices":[],"_links":{"self":[{"href":"https:\/\/www.lunabilisim.com.tr\/en\/wp-json\/wp\/v2\/product\/3369","targetHints":{"allow":["GET"]}}],"collection":[{"href":"https:\/\/www.lunabilisim.com.tr\/en\/wp-json\/wp\/v2\/product"}],"about":[{"href":"https:\/\/www.lunabilisim.com.tr\/en\/wp-json\/wp\/v2\/types\/product"}],"wp:featuredmedia":[{"embeddable":true,"href":"https:\/\/www.lunabilisim.com.tr\/en\/wp-json\/wp\/v2\/media\/3370"}],"wp:attachment":[{"href":"https:\/\/www.lunabilisim.com.tr\/en\/wp-json\/wp\/v2\/media?parent=3369"}],"wp:term":[{"taxonomy":"product_cat","embeddable":true,"href":"https:\/\/www.lunabilisim.com.tr\/en\/wp-json\/wp\/v2\/product_cat?post=3369"},{"taxonomy":"product_tag","embeddable":true,"href":"https:\/\/www.lunabilisim.com.tr\/en\/wp-json\/wp\/v2\/product_tag?post=3369"}],"curies":[{"name":"wp","href":"https:\/\/api.w.org\/{rel}","templated":true}]}}