{"id":3363,"date":"2022-04-23T04:57:44","date_gmt":"2022-04-23T09:57:44","guid":{"rendered":"https:\/\/www.lunabilisim.com.tr\/en\/?post_type=product&#038;p=3363"},"modified":"2022-10-04T10:27:39","modified_gmt":"2022-10-04T15:27:39","slug":"in-sight-2000-goruntu-sensorleri","status":"publish","type":"product","link":"https:\/\/www.lunabilisim.com.tr\/en\/urun\/in-sight-2000-goruntu-sensorleri\/","title":{"rendered":"In-Sight 2000 G\u00f6r\u00fcnt\u00fc Sens\u00f6rleri"},"content":{"rendered":"<p>http:\/\/lunabilisim.com.tr\/Documents\/19370.pdf<\/p>\n","protected":false},"excerpt":{"rendered":"<p>Cognex In-Sight 2000 vision sensors combine the power of In-Sight vision systems with the simplicity and affordability of an industrial sensor. Ideal for solving error-proofing applications, these vision sensors set new standards for value, ease of use,\u202fand\u202fflexibility and can\u202fadapt to virtually any production line environment. Key features include:<\/p>\n<p>\u00bb\u00a0 Powerful In-Sight vision tools<br \/>\n\u00bb\u00a0 Easy setup with EasyBuilder<br \/>\n\u00bb\u00a0 Field interchangeable lighting and optics<br \/>\n\u00bb\u00a0 Modular body design<\/p>\n","protected":false},"featured_media":3365,"template":"","meta":{"inline_featured_image":false},"product_cat":[167],"product_tag":[],"class_list":{"0":"post-3363","1":"product","2":"type-product","3":"status-publish","4":"has-post-thumbnail","6":"product_cat-cognex","7":"pa_marka-cognex","9":"first","10":"instock","11":"shipping-taxable","12":"product-type-simple"},"acf":[],"aioseo_notices":[],"_links":{"self":[{"href":"https:\/\/www.lunabilisim.com.tr\/en\/wp-json\/wp\/v2\/product\/3363","targetHints":{"allow":["GET"]}}],"collection":[{"href":"https:\/\/www.lunabilisim.com.tr\/en\/wp-json\/wp\/v2\/product"}],"about":[{"href":"https:\/\/www.lunabilisim.com.tr\/en\/wp-json\/wp\/v2\/types\/product"}],"wp:featuredmedia":[{"embeddable":true,"href":"https:\/\/www.lunabilisim.com.tr\/en\/wp-json\/wp\/v2\/media\/3365"}],"wp:attachment":[{"href":"https:\/\/www.lunabilisim.com.tr\/en\/wp-json\/wp\/v2\/media?parent=3363"}],"wp:term":[{"taxonomy":"product_cat","embeddable":true,"href":"https:\/\/www.lunabilisim.com.tr\/en\/wp-json\/wp\/v2\/product_cat?post=3363"},{"taxonomy":"product_tag","embeddable":true,"href":"https:\/\/www.lunabilisim.com.tr\/en\/wp-json\/wp\/v2\/product_tag?post=3363"}],"curies":[{"name":"wp","href":"https:\/\/api.w.org\/{rel}","templated":true}]}}