{"id":3359,"date":"2022-04-23T04:52:33","date_gmt":"2022-04-23T09:52:33","guid":{"rendered":"https:\/\/www.lunabilisim.com.tr\/en\/?post_type=product&#038;p=3359"},"modified":"2022-08-11T06:45:54","modified_gmt":"2022-08-11T11:45:54","slug":"dlr-pr001","status":"publish","type":"product","link":"https:\/\/www.lunabilisim.com.tr\/en\/urun\/dlr-pr001\/","title":{"rendered":"DLR-PR001"},"content":{"rendered":"<p>http:\/\/lunabilisim.com.tr\/Documents\/RFIDPortalReaderPR001_English.pdf<\/p>\n","protected":false},"excerpt":{"rendered":"<p>DLR-PR001 RAIN RFID uzun menzilli portal okuyucu, kapsaml\u0131 m\u00fc\u015fteri giri\u015fi ve saha i\u00e7i deneyimin sonucudur. GPRS ve ola\u011fan\u00fcst\u00fc RFID okuma performans\u0131, bilgi i\u015flem g\u00fcc\u00fc ve ileti\u015fim \u00f6zelliklerine sahip bir UHF uzun menzilli okuyucudur.<\/p>\n<p>Okuyucu, portal kurulumlar\u0131 i\u00e7in optimize edilmi\u015ftir ve 16 adede kadar anten i\u00e7in tam g\u00fcce, 2. Nesil Yo\u011fun Okuyucu Modu y\u00f6netimine ve y\u00fcksek h\u0131zl\u0131 okuma h\u0131zlar\u0131na sahiptir.<\/p>\n<p>G\u00f6m\u00fcl\u00fc donan\u0131m mimarisine (x86) ve standart bir Linux \u0130\u015fletim Sistemine dayanan DLR-PR001 okuyucu, \u00f6zel yaz\u0131l\u0131m ve \u00e7\u00f6z\u00fcmlerin geli\u015ftirilmesini kolayla\u015ft\u0131r\u0131r. Yerle\u015fik bilgi i\u015flem g\u00fcc\u00fc ve ba\u011flanabilirlik, harici bir PC ve ilgili kablolama ihtiyac\u0131n\u0131 ortadan kald\u0131r\u0131r.<\/p>\n","protected":false},"featured_media":3360,"template":"","meta":{"inline_featured_image":false},"product_cat":[80],"product_tag":[],"class_list":{"0":"post-3359","1":"product","2":"type-product","3":"status-publish","4":"has-post-thumbnail","6":"product_cat-rfid-scanner-terminals","7":"pa_marka-datalogic","9":"first","10":"instock","11":"shipping-taxable","12":"product-type-simple"},"acf":[],"aioseo_notices":[],"_links":{"self":[{"href":"https:\/\/www.lunabilisim.com.tr\/en\/wp-json\/wp\/v2\/product\/3359","targetHints":{"allow":["GET"]}}],"collection":[{"href":"https:\/\/www.lunabilisim.com.tr\/en\/wp-json\/wp\/v2\/product"}],"about":[{"href":"https:\/\/www.lunabilisim.com.tr\/en\/wp-json\/wp\/v2\/types\/product"}],"wp:featuredmedia":[{"embeddable":true,"href":"https:\/\/www.lunabilisim.com.tr\/en\/wp-json\/wp\/v2\/media\/3360"}],"wp:attachment":[{"href":"https:\/\/www.lunabilisim.com.tr\/en\/wp-json\/wp\/v2\/media?parent=3359"}],"wp:term":[{"taxonomy":"product_cat","embeddable":true,"href":"https:\/\/www.lunabilisim.com.tr\/en\/wp-json\/wp\/v2\/product_cat?post=3359"},{"taxonomy":"product_tag","embeddable":true,"href":"https:\/\/www.lunabilisim.com.tr\/en\/wp-json\/wp\/v2\/product_tag?post=3359"}],"curies":[{"name":"wp","href":"https:\/\/api.w.org\/{rel}","templated":true}]}}