{"id":3357,"date":"2022-04-23T04:49:45","date_gmt":"2022-04-23T09:49:45","guid":{"rendered":"https:\/\/www.lunabilisim.com.tr\/en\/?post_type=product&#038;p=3357"},"modified":"2022-08-11T06:46:23","modified_gmt":"2022-08-11T11:46:23","slug":"dlr-tl001","status":"publish","type":"product","link":"https:\/\/www.lunabilisim.com.tr\/en\/urun\/dlr-tl001\/","title":{"rendered":"DLR-TL001"},"content":{"rendered":"<p>http:\/\/lunabilisim.com.tr\/Documents\/RFIDTemperatureLoggerTL001_English.pdf<\/p>\n","protected":false},"excerpt":{"rendered":"<p>Datalogic, DLR-TL001 RFID S\u0131cakl\u0131k Kaydediciyi tan\u0131tmaktan memnuniyet duyar. DLR-TL001 kaydedici, nakliye ve depolama s\u0131ras\u0131nda bozulabilir g\u0131dalar ve ila\u00e7lar gibi s\u0131cakl\u0131\u011fa duyarl\u0131 \u00fcr\u00fcnleri izlemek i\u00e7in kullan\u0131lan d\u00fc\u015f\u00fck maliyetli, yar\u0131 pasif bir UHF kaydedici etiketidir. Y\u00fcksek \u00e7\u00f6z\u00fcn\u00fcrl\u00fckl\u00fc sens\u00f6r, b\u00fcy\u00fck bellek boyutu ve standart RFID aray\u00fcz\u00fcn\u00fcn birle\u015fimi, kolay bozulan \u00fcr\u00fcnlerin nakliye ve teslimat s\u0131ras\u0131nda etkin bir \u015fekilde izlenmesini ve izlenmesini sa\u011flar.<\/p>\n<p>DLR-TL001 kaydedici, EPC Global C1G2 ve ISO18000-6C standartlar\u0131yla uyumlulu\u011fu nedeniyle herhangi bir ek ekipman gerektirmeden piyasada bulunan standart UHF RFID okuyucularla kullan\u0131labilir.<\/p>\n<p>Etiket, en fazla 3.958 numune i\u00e7erebilen dahili bellekte s\u0131cakl\u0131k numunelerini 1 saniyeden 18 saate kadar aral\u0131klarla saklamak \u00fczere yap\u0131land\u0131r\u0131labilir. Kullan\u0131c\u0131, s\u0131cakl\u0131k de\u011fi\u015fimlerinin \u00e7ok hassas kontrol\u00fc i\u00e7in ba\u011f\u0131ms\u0131z e\u015fik alarmlar\u0131yla 16&#8217;ya kadar s\u0131cakl\u0131k aral\u0131\u011f\u0131 tan\u0131mlayabilir. Etiket, bir d\u00fc\u011fme kullan\u0131larak veya standart RFID komutlar\u0131yla kontrol edilebilir.<\/p>\n","protected":false},"featured_media":3358,"template":"","meta":{"inline_featured_image":false},"product_cat":[80],"product_tag":[],"class_list":{"0":"post-3357","1":"product","2":"type-product","3":"status-publish","4":"has-post-thumbnail","6":"product_cat-rfid-scanner-terminals","7":"pa_marka-datalogic","9":"first","10":"instock","11":"shipping-taxable","12":"product-type-simple"},"acf":[],"aioseo_notices":[],"_links":{"self":[{"href":"https:\/\/www.lunabilisim.com.tr\/en\/wp-json\/wp\/v2\/product\/3357","targetHints":{"allow":["GET"]}}],"collection":[{"href":"https:\/\/www.lunabilisim.com.tr\/en\/wp-json\/wp\/v2\/product"}],"about":[{"href":"https:\/\/www.lunabilisim.com.tr\/en\/wp-json\/wp\/v2\/types\/product"}],"wp:featuredmedia":[{"embeddable":true,"href":"https:\/\/www.lunabilisim.com.tr\/en\/wp-json\/wp\/v2\/media\/3358"}],"wp:attachment":[{"href":"https:\/\/www.lunabilisim.com.tr\/en\/wp-json\/wp\/v2\/media?parent=3357"}],"wp:term":[{"taxonomy":"product_cat","embeddable":true,"href":"https:\/\/www.lunabilisim.com.tr\/en\/wp-json\/wp\/v2\/product_cat?post=3357"},{"taxonomy":"product_tag","embeddable":true,"href":"https:\/\/www.lunabilisim.com.tr\/en\/wp-json\/wp\/v2\/product_tag?post=3357"}],"curies":[{"name":"wp","href":"https:\/\/api.w.org\/{rel}","templated":true}]}}