{"id":3353,"date":"2022-04-23T04:47:03","date_gmt":"2022-04-23T09:47:03","guid":{"rendered":"https:\/\/www.lunabilisim.com.tr\/en\/?post_type=product&#038;p=3353"},"modified":"2022-08-11T06:45:07","modified_gmt":"2022-08-11T11:45:07","slug":"dlr-bt001","status":"publish","type":"product","link":"https:\/\/www.lunabilisim.com.tr\/en\/urun\/dlr-bt001\/","title":{"rendered":"DLR-BT001"},"content":{"rendered":"<p>http:\/\/lunabilisim.com.tr\/Documents\/RFID-Bluetooth-Pocket-ReaderBT001-English.pdf<\/p>\n","protected":false},"excerpt":{"rendered":"<p>Bluetooth\u00ae kablosuz teknolojisine sahip RFID cep okuyucu, tan\u0131mlamalar\u0131 i\u00e7in nesnelere yerle\u015ftirilen cihazlar, ad etiketleri veya aktar\u0131c\u0131lar \u00fczerinde bilgilerin okunmas\u0131na ve yaz\u0131lmas\u0131na olanak tan\u0131yan UHF RFID teknolojisine sahiptir. Okuma\/yazma i\u015flemleri, di\u011fer pasif teknolojilere k\u0131yasla daha uzun mesafelerde ve daha y\u00fcksek h\u0131zlarda g\u00f6r\u00fc\u015f alan\u0131 olmadan ger\u00e7ekle\u015febilir. Bu, daha az pahal\u0131, daha verimli ve otomatikle\u015ftirilmi\u015f bir s\u00fcre\u00e7 yarat\u0131r.<\/p>\n<p>HID s\u00fcr\u00fcm\u00fc, okuyucunun eski uygulamalarla, ofis otomasyon yaz\u0131l\u0131m\u0131yla veya manuel giri\u015f gerektiren di\u011fer genel \u00e7\u00f6z\u00fcmlerle do\u011frudan etkile\u015fime girmesine olanak tan\u0131yan yerel klavye \u00f6yk\u00fcnmesini destekler.<\/p>\n","protected":false},"featured_media":3354,"template":"","meta":{"inline_featured_image":false},"product_cat":[80],"product_tag":[],"class_list":{"0":"post-3353","1":"product","2":"type-product","3":"status-publish","4":"has-post-thumbnail","6":"product_cat-rfid-scanner-terminals","7":"pa_marka-datalogic","9":"first","10":"instock","11":"shipping-taxable","12":"product-type-simple"},"acf":[],"aioseo_notices":[],"_links":{"self":[{"href":"https:\/\/www.lunabilisim.com.tr\/en\/wp-json\/wp\/v2\/product\/3353","targetHints":{"allow":["GET"]}}],"collection":[{"href":"https:\/\/www.lunabilisim.com.tr\/en\/wp-json\/wp\/v2\/product"}],"about":[{"href":"https:\/\/www.lunabilisim.com.tr\/en\/wp-json\/wp\/v2\/types\/product"}],"wp:featuredmedia":[{"embeddable":true,"href":"https:\/\/www.lunabilisim.com.tr\/en\/wp-json\/wp\/v2\/media\/3354"}],"wp:attachment":[{"href":"https:\/\/www.lunabilisim.com.tr\/en\/wp-json\/wp\/v2\/media?parent=3353"}],"wp:term":[{"taxonomy":"product_cat","embeddable":true,"href":"https:\/\/www.lunabilisim.com.tr\/en\/wp-json\/wp\/v2\/product_cat?post=3353"},{"taxonomy":"product_tag","embeddable":true,"href":"https:\/\/www.lunabilisim.com.tr\/en\/wp-json\/wp\/v2\/product_tag?post=3353"}],"curies":[{"name":"wp","href":"https:\/\/api.w.org\/{rel}","templated":true}]}}