{"id":3331,"date":"2022-04-23T04:24:52","date_gmt":"2022-04-23T09:24:52","guid":{"rendered":"https:\/\/www.lunabilisim.com.tr\/en\/?post_type=product&#038;p=3331"},"modified":"2022-08-11T01:51:02","modified_gmt":"2022-08-11T06:51:02","slug":"rhino-ii-vehicle-mount-computer","status":"publish","type":"product","link":"https:\/\/www.lunabilisim.com.tr\/en\/urun\/rhino-ii-vehicle-mount-computer\/","title":{"rendered":"Rhino II\u2122 Vehicle Mount Computer"},"content":{"rendered":"<p>http:\/\/lunabilisim.com.tr\/Documents\/RhinoII_English.pdf<\/p>\n","protected":false},"excerpt":{"rendered":"<p>Hem 10\u201d hem de 12\u201d ekran boyutlar\u0131nda mevcut olan Rhino II\u2122 araca monte bilgisayarlar, depodaki sa\u011flaml\u0131k standard\u0131n\u0131 belirler. IP65\/IP67&#8217;ye g\u00f6re test edilmi\u015f s\u0131zd\u0131rmaz tasar\u0131m, en zorlu ortamlarda \u00e7al\u0131\u015fmay\u0131 sa\u011flar. Entegre ekran \u0131s\u0131t\u0131c\u0131s\u0131na sahip \u00f6zel bir dondurucu s\u0131n\u0131f\u0131 model, so\u011fuk hava deposunun i\u00e7inde ve d\u0131\u015f\u0131nda kullan\u0131ma izin verir. Kapasitif dokunmatik modeller, 3 mm parlama \u00f6nleyici z\u0131rhl\u0131 cama sahiptir ve yine de eldiven kullan\u0131m\u0131na izin verir.<\/p>\n<p>Depo y\u00f6netimi i\u00e7in \u00f6zel olarak tasarlanm\u0131\u015f Rhino araca monte bilgisayar, PowerScan veya di\u011fer otomatik veri toplama cihazlar\u0131n\u0131n kolay entegrasyonu ile \u00fcretkenli\u011fi art\u0131r\u0131r.<\/p>\n<p>Rhino II, \u00e7ok \u00e7e\u015fitli \u0130\u015fletim Sistemleri sunar: Windows Embedded Compact 7 (WEC7), Windows Embedded Standard 7, Windows 10 IoT Enterprise ve yeni Android\u2122 7.1<\/p>\n","protected":false},"featured_media":3332,"template":"","meta":{"inline_featured_image":false},"product_cat":[53],"product_tag":[154],"class_list":{"0":"post-3331","1":"product","2":"type-product","3":"status-publish","4":"has-post-thumbnail","6":"product_cat-vehicle-mounted-computers","7":"product_tag-araca-monte-bilgisayarlar","8":"pa_marka-datalogic","10":"first","11":"instock","12":"shipping-taxable","13":"product-type-simple"},"acf":[],"aioseo_notices":[],"_links":{"self":[{"href":"https:\/\/www.lunabilisim.com.tr\/en\/wp-json\/wp\/v2\/product\/3331","targetHints":{"allow":["GET"]}}],"collection":[{"href":"https:\/\/www.lunabilisim.com.tr\/en\/wp-json\/wp\/v2\/product"}],"about":[{"href":"https:\/\/www.lunabilisim.com.tr\/en\/wp-json\/wp\/v2\/types\/product"}],"wp:featuredmedia":[{"embeddable":true,"href":"https:\/\/www.lunabilisim.com.tr\/en\/wp-json\/wp\/v2\/media\/3332"}],"wp:attachment":[{"href":"https:\/\/www.lunabilisim.com.tr\/en\/wp-json\/wp\/v2\/media?parent=3331"}],"wp:term":[{"taxonomy":"product_cat","embeddable":true,"href":"https:\/\/www.lunabilisim.com.tr\/en\/wp-json\/wp\/v2\/product_cat?post=3331"},{"taxonomy":"product_tag","embeddable":true,"href":"https:\/\/www.lunabilisim.com.tr\/en\/wp-json\/wp\/v2\/product_tag?post=3331"}],"curies":[{"name":"wp","href":"https:\/\/api.w.org\/{rel}","templated":true}]}}