{"id":2662,"date":"2022-04-11T10:24:36","date_gmt":"2022-04-11T15:24:36","guid":{"rendered":"https:\/\/www.lunabilisim.com.tr\/en\/?post_type=product&#038;p=2662"},"modified":"2022-10-04T10:13:10","modified_gmt":"2022-10-04T15:13:10","slug":"cx7","status":"publish","type":"product","link":"https:\/\/www.lunabilisim.com.tr\/en\/urun\/cx7\/","title":{"rendered":"CX7"},"content":{"rendered":"","protected":false},"excerpt":{"rendered":"<p>NCR CX7 POS Terminali, s\u0131n\u0131f\u0131n\u0131n en iyi performans\u0131n\u0131 kaliteli ve etkileyici bir entegre tasar\u0131mla birle\u015ftirir. Ola\u011fan\u00fcst\u00fc \u00e7ok y\u00f6nl\u00fcl\u00fc\u011f\u00fc, sa\u011flaml\u0131\u011f\u0131 ve emsalsiz veri g\u00fcvenli\u011fi, g\u00fcn\u00fcm\u00fcz\u00fcn y\u00fcksek riskli birbirine ba\u011fl\u0131 d\u00fcnyas\u0131na dayanacak temel gereksinimleri sa\u011flar. CX7 POS Terminalinin estetik g\u00f6r\u00fcn\u00fcm\u00fc, malzemeleri ve esnekli\u011fi NCR\u2019nin135 y\u0131ll\u0131k global deneyiminin \u00fcr\u00fcn\u00fcd\u00fcr.<\/p>\n<p>\u0130ster Encore veya NCR yaz\u0131l\u0131mlar\u0131yla, ister kendi geli\u015ftirdi\u011finiz uygulamalar\u0131n\u0131zla \u00e7al\u0131\u015fabilen NCR CX7 POS Terminali, kasiyer ve m\u00fc\u015fteri deneyiminin oda\u011f\u0131nda olacakt\u0131r.<\/p>\n","protected":false},"featured_media":2663,"template":"","meta":{"inline_featured_image":false},"product_cat":[168],"product_tag":[],"class_list":{"0":"post-2662","1":"product","2":"type-product","3":"status-publish","4":"has-post-thumbnail","6":"product_cat-encore","7":"pa_marka-encore","9":"first","10":"instock","11":"shipping-taxable","12":"product-type-simple"},"acf":[],"aioseo_notices":[],"_links":{"self":[{"href":"https:\/\/www.lunabilisim.com.tr\/en\/wp-json\/wp\/v2\/product\/2662","targetHints":{"allow":["GET"]}}],"collection":[{"href":"https:\/\/www.lunabilisim.com.tr\/en\/wp-json\/wp\/v2\/product"}],"about":[{"href":"https:\/\/www.lunabilisim.com.tr\/en\/wp-json\/wp\/v2\/types\/product"}],"wp:featuredmedia":[{"embeddable":true,"href":"https:\/\/www.lunabilisim.com.tr\/en\/wp-json\/wp\/v2\/media\/2663"}],"wp:attachment":[{"href":"https:\/\/www.lunabilisim.com.tr\/en\/wp-json\/wp\/v2\/media?parent=2662"}],"wp:term":[{"taxonomy":"product_cat","embeddable":true,"href":"https:\/\/www.lunabilisim.com.tr\/en\/wp-json\/wp\/v2\/product_cat?post=2662"},{"taxonomy":"product_tag","embeddable":true,"href":"https:\/\/www.lunabilisim.com.tr\/en\/wp-json\/wp\/v2\/product_tag?post=2662"}],"curies":[{"name":"wp","href":"https:\/\/api.w.org\/{rel}","templated":true}]}}