{"id":2354,"date":"2022-04-09T03:44:22","date_gmt":"2022-04-09T08:44:22","guid":{"rendered":"https:\/\/www.lunabilisim.com.tr\/en\/?post_type=product&#038;p=2354"},"modified":"2022-08-31T01:41:09","modified_gmt":"2022-08-31T06:41:09","slug":"cc6000-musteri-danismani-kopya","status":"publish","type":"product","link":"https:\/\/www.lunabilisim.com.tr\/en\/urun\/cc6000-musteri-danismani-kopya\/","title":{"rendered":"Yaz\u0131l\u0131m"},"content":{"rendered":"","protected":false},"excerpt":{"rendered":"<p><strong>A\u015fa\u011f\u0131dakileri Kolayca Yapabilmek i\u00e7in Yaz\u0131l\u0131m Paketimizi Ke\u015ffedin:<\/strong><\/p>\n<p>\u00bb Verilerinizi anlay\u0131n ve eyleme d\u00f6n\u00fc\u015ft\u00fcr\u00fcn<br \/>\n\u00bb \u0130\u015fyeriniz boyunca kurumsal g\u00f6r\u00fcn\u00fcrl\u00fc\u011f\u00fc art\u0131r\u0131n<br \/>\n\u00bb Nesnelerin \u0130nterneti stratejinizin hayata ge\u00e7irilmesi<br \/>\n\u00bb Zebra cihazlar\u0131n\u0131z\u0131n konfig\u00fcrasyonu, y\u00f6netimi ve bak\u0131m\u0131<\/p>\n<p>Verimlili\u011fi art\u0131rmak i\u00e7in kendi y\u00f6nteminizi tasarlay\u0131n, y\u00f6netin, entegre edin ve geli\u015ftirin. Ayr\u0131ca, i\u015f ortam\u0131n\u0131z\u0131 desteklemek i\u00e7in geni\u015f bir Yaz\u0131l\u0131m Geli\u015ftirme Hizmetleri ekibine sahibiz.<\/p>\n","protected":false},"featured_media":2355,"template":"","meta":{"inline_featured_image":false},"product_cat":[106],"product_tag":[],"class_list":{"0":"post-2354","1":"product","2":"type-product","3":"status-publish","4":"has-post-thumbnail","6":"product_cat-software","7":"pa_marka-zebra","9":"first","10":"instock","11":"shipping-taxable","12":"product-type-simple"},"acf":[],"aioseo_notices":[],"_links":{"self":[{"href":"https:\/\/www.lunabilisim.com.tr\/en\/wp-json\/wp\/v2\/product\/2354","targetHints":{"allow":["GET"]}}],"collection":[{"href":"https:\/\/www.lunabilisim.com.tr\/en\/wp-json\/wp\/v2\/product"}],"about":[{"href":"https:\/\/www.lunabilisim.com.tr\/en\/wp-json\/wp\/v2\/types\/product"}],"wp:featuredmedia":[{"embeddable":true,"href":"https:\/\/www.lunabilisim.com.tr\/en\/wp-json\/wp\/v2\/media\/2355"}],"wp:attachment":[{"href":"https:\/\/www.lunabilisim.com.tr\/en\/wp-json\/wp\/v2\/media?parent=2354"}],"wp:term":[{"taxonomy":"product_cat","embeddable":true,"href":"https:\/\/www.lunabilisim.com.tr\/en\/wp-json\/wp\/v2\/product_cat?post=2354"},{"taxonomy":"product_tag","embeddable":true,"href":"https:\/\/www.lunabilisim.com.tr\/en\/wp-json\/wp\/v2\/product_tag?post=2354"}],"curies":[{"name":"wp","href":"https:\/\/api.w.org\/{rel}","templated":true}]}}