{"id":2199,"date":"2022-04-02T06:19:04","date_gmt":"2022-04-02T11:19:04","guid":{"rendered":"https:\/\/www.lunabilisim.com.tr\/en\/?post_type=product&#038;p=2199"},"modified":"2022-10-06T10:29:32","modified_gmt":"2022-10-06T15:29:32","slug":"cok-panelli-kart-yazici-ribbonlari","status":"publish","type":"product","link":"https:\/\/www.lunabilisim.com.tr\/en\/urun\/cok-panelli-kart-yazici-ribbonlari\/","title":{"rendered":"\u00c7ok Panelli Kart Yaz\u0131c\u0131 Ribbonlar\u0131"},"content":{"rendered":"","protected":false},"excerpt":{"rendered":"<p>Optimize colour card printer performance with a multi-panel thermal transfer ribbon that offers the latest ink sublimation technology and delivers long-lasting clear results.<\/p>\n","protected":false},"featured_media":2200,"template":"","meta":{"inline_featured_image":false},"product_cat":[103],"product_tag":[],"class_list":{"0":"post-2199","1":"product","2":"type-product","3":"status-publish","4":"has-post-thumbnail","6":"product_cat-card-printer-ribbons","7":"pa_marka-zebra","9":"first","10":"instock","11":"shipping-taxable","12":"product-type-simple"},"acf":[],"aioseo_notices":[],"_links":{"self":[{"href":"https:\/\/www.lunabilisim.com.tr\/en\/wp-json\/wp\/v2\/product\/2199","targetHints":{"allow":["GET"]}}],"collection":[{"href":"https:\/\/www.lunabilisim.com.tr\/en\/wp-json\/wp\/v2\/product"}],"about":[{"href":"https:\/\/www.lunabilisim.com.tr\/en\/wp-json\/wp\/v2\/types\/product"}],"wp:featuredmedia":[{"embeddable":true,"href":"https:\/\/www.lunabilisim.com.tr\/en\/wp-json\/wp\/v2\/media\/2200"}],"wp:attachment":[{"href":"https:\/\/www.lunabilisim.com.tr\/en\/wp-json\/wp\/v2\/media?parent=2199"}],"wp:term":[{"taxonomy":"product_cat","embeddable":true,"href":"https:\/\/www.lunabilisim.com.tr\/en\/wp-json\/wp\/v2\/product_cat?post=2199"},{"taxonomy":"product_tag","embeddable":true,"href":"https:\/\/www.lunabilisim.com.tr\/en\/wp-json\/wp\/v2\/product_tag?post=2199"}],"curies":[{"name":"wp","href":"https:\/\/api.w.org\/{rel}","templated":true}]}}